{"id":366,"date":"2014-07-09T15:49:47","date_gmt":"2014-07-09T15:49:47","guid":{"rendered":"http:\/\/192.168.1.104\/restaurant\/?page_id=18"},"modified":"2021-07-02T09:46:02","modified_gmt":"2021-07-02T07:46:02","slug":"kontakt","status":"publish","type":"page","link":"https:\/\/www.we-go-web.de\/3\/kontakt\/","title":{"rendered":"Kontakt und Anfahrt"},"content":{"rendered":"\n<style type=\"text\/css\" data-created_by=\"avia_inline_auto\" id=\"style-css-av-55t1u6-48227a4a0ba6efa1a58f6ab31ec15ff4\">\n.avia-section.av-55t1u6-48227a4a0ba6efa1a58f6ab31ec15ff4 .av-parallax .av-parallax-inner{\nbackground-repeat:no-repeat;\nbackground-image:url(https:\/\/www.we-go-web.de\/3\/wp-content\/uploads\/2020\/06\/kontakt.jpg);\nbackground-position:0% 50%;\nbackground-attachment:scroll;\n}\n.avia-section.av-55t1u6-48227a4a0ba6efa1a58f6ab31ec15ff4 .av-section-color-overlay{\nopacity:0.6;\nbackground-color:#0a0a0a;\n}\n<\/style>\n<div id='av_section_1'  class='avia-section av-55t1u6-48227a4a0ba6efa1a58f6ab31ec15ff4 main_color avia-section-default avia-no-shadow  avia-builder-el-0  el_before_av_one_third  avia-builder-el-first  avia-full-stretch av-parallax-section avia-bg-style-parallax av-section-color-overlay-active av-minimum-height av-minimum-height-50 av-height-50  container_wrap fullsize'  data-section-bg-repeat='stretch' data-av_minimum_height_pc='50' data-av_min_height_opt='50'><div class='av-parallax' data-avia-parallax-ratio='0.3' ><div class='av-parallax-inner main_color avia-full-stretch'><\/div><\/div><div class=\"av-section-color-overlay-wrap\"><div class=\"av-section-color-overlay\"><\/div><div class='container av-section-cont-open' ><main  role=\"main\" itemprop=\"mainContentOfPage\"  class='template-page content  av-content-full alpha units'><div class='post-entry post-entry-type-page post-entry-366'><div class='entry-content-wrapper clearfix'>\n\n<style type=\"text\/css\" data-created_by=\"avia_inline_auto\" id=\"style-css-av-kbi445j0-e69f317fd55f150dfcc00d3b78c912ce\">\n#top .av-special-heading.av-kbi445j0-e69f317fd55f150dfcc00d3b78c912ce{\npadding-bottom:0;\ncolor:#ffffff;\nfont-size:60px;\n}\nbody .av-special-heading.av-kbi445j0-e69f317fd55f150dfcc00d3b78c912ce .av-special-heading-tag .heading-char{\nfont-size:25px;\n}\n#top #wrap_all .av-special-heading.av-kbi445j0-e69f317fd55f150dfcc00d3b78c912ce .av-special-heading-tag{\nfont-size:60px;\n}\n.av-special-heading.av-kbi445j0-e69f317fd55f150dfcc00d3b78c912ce .special-heading-inner-border{\nborder-color:#ffffff;\n}\n.av-special-heading.av-kbi445j0-e69f317fd55f150dfcc00d3b78c912ce .av-subheading{\nfont-size:18px;\n}\n\n@media only screen and (min-width: 480px) and (max-width: 767px){ \n#top #wrap_all .av-special-heading.av-kbi445j0-e69f317fd55f150dfcc00d3b78c912ce .av-special-heading-tag{\nfont-size:0.8em;\n}\n}\n\n@media only screen and (max-width: 479px){ \n#top #wrap_all .av-special-heading.av-kbi445j0-e69f317fd55f150dfcc00d3b78c912ce .av-special-heading-tag{\nfont-size:0.8em;\n}\n}\n<\/style>\n<div  class='av-special-heading av-kbi445j0-e69f317fd55f150dfcc00d3b78c912ce av-special-heading-h1 custom-color-heading blockquote modern-quote  avia-builder-el-1  avia-builder-el-no-sibling  av-thin-font av-inherit-size'><h1 class='av-special-heading-tag '  itemprop=\"headline\"  ><strong>Kontakt<\/strong> <span class='special_amp'>&amp;<\/span> <strong>Anfahrt<\/strong><\/h1><div class='av_custom_color av-subheading av-subheading_below'><p>Wo wir zu finden sind und wann wir ge\u00f6ffnet haben<\/p>\n<\/div><div class=\"special-heading-border\"><div class=\"special-heading-inner-border\"><\/div><\/div><\/div>\n<\/div><\/div><\/main><!-- close content main element --><\/div><\/div><\/div><div id='after_section_1'  class='main_color av_default_container_wrap container_wrap fullsize'  ><div class='container av-section-cont-open' ><div class='template-page content  av-content-full alpha units'><div class='post-entry post-entry-type-page post-entry-366'><div class='entry-content-wrapper clearfix'>\n<div  class='flex_column av-4v6f5a-f1313f23fb1fd2d4bd8dd40b808b5883 av_one_third  avia-builder-el-2  el_after_av_section  el_before_av_two_third  avia-builder-el-first  first flex_column_div  '     ><p>\n<style type=\"text\/css\" data-created_by=\"avia_inline_auto\" id=\"style-css-av-kbi46cta-fca389482a69cb4add9c6dbcbf0c9d8a\">\n#top .hr.hr-invisible.av-kbi46cta-fca389482a69cb4add9c6dbcbf0c9d8a{\nheight:20px;\n}\n<\/style>\n<div  class='hr av-kbi46cta-fca389482a69cb4add9c6dbcbf0c9d8a hr-invisible  avia-builder-el-3  el_before_av_icon_box  avia-builder-el-first '><span class='hr-inner '><span class=\"hr-inner-style\"><\/span><\/span><\/div><br \/>\n<article  class='iconbox iconbox_left av-4nx4ie-cb8874ddd982aa1228f05ce2f59de617  avia-builder-el-4  el_after_av_hr  avia-builder-el-last '  itemscope=\"itemscope\" itemtype=\"https:\/\/schema.org\/CreativeWork\" ><div class=\"iconbox_content\"><header class=\"entry-content-header\" aria-label=\"Icon: UNSER RESTAURANT\"><div class='iconbox_icon heading-color avia-iconfont avia-font-entypo-fontello' data-av_icon='\ue808' data-av_iconfont='entypo-fontello'  ><\/div><h3 class='iconbox_content_title '  itemprop=\"headline\" >UNSER RESTAURANT<\/h3><\/header><div class='iconbox_content_container '  itemprop=\"text\" ><p>we-go-web.de<br \/>\nPr\u00fcfeninger Schlo\u00dfstr. 14<br \/>\n93051 Regensburg<br \/>\n0941 \/ 399 65 85<br \/>\ninfo@web-to-go.de<\/p>\n<div class=\"flex_column av_one_fourth first el_before_av_one_fourth\">\n<section id=\"text-4\" class=\"widget clearfix widget_text\">\n<h3 class=\"widgettitle\">\u00d6FFNUNGSZEITEN<\/h3>\n<div class=\"textwidget\">\n<p>Di \u2013 Fr: 8:00-23:00<br \/>\nSa + So: 8:00-24:00<br \/>\nMontag: Ruhetag<\/p>\n<\/div>\n<\/section>\n<\/div>\n<\/div><\/div><footer class=\"entry-footer\"><\/footer><\/article><\/p><\/div><div  class='flex_column av-4v6f5a-d363480198022f9d3b9da02dcc790890 av_two_third  avia-builder-el-5  el_after_av_one_third  el_before_av_section  avia-builder-el-last  flex_column_div  '     ><div  class='av_gmaps_sc_main_wrap av_gmaps_main_wrap '><div id='av_gmap_0' class='avia-google-map-container avia-google-map-sc av_gmaps_show_unconditionally av-no-fallback-img ' data-mapid='av_gmap_0'  style='height: 400px;'><a class=\"av_gmaps_browser_disabled av_text_confirm_link av_text_confirm_link_visible\" href=\"https:\/\/www.google.com\/maps\/search\/?api=1&#038;query=Pr\u00fcfeninger%20Schlo\u00dfstr.%2014%2093051%20Regensburg%20Bayern%20Deutschland\" target=\"_blank\">Aufgrund deiner Datenschutz-Einstellungen k\u00f6nnen wir Ihnen die Karte nicht anzeigen. Klicken Sie hier, um die Karte in einem neuen Fenster zu \u00f6ffnen.<\/a><\/div><\/div><\/div><\/div><\/div><\/div><!-- close content main div --><\/div><\/div><div id='av_section_2'  class='avia-section av-2apnhy-9b04442cf2ab226fd874591554e3ae63 alternate_color avia-section-default avia-no-shadow  avia-builder-el-7  el_after_av_two_third  avia-builder-el-last  avia-bg-style-scroll container_wrap fullsize'  ><div class='container av-section-cont-open' ><div class='template-page content  av-content-full alpha units'><div class='post-entry post-entry-type-page post-entry-366'><div class='entry-content-wrapper clearfix'>\n<div  class='flex_column av-22vpt2-cc1e7adbe95f346e6f3ddf5197d84697 av_one_half  avia-builder-el-8  el_before_av_one_half  avia-builder-el-first  first flex_column_div  '     ><p>\n<style type=\"text\/css\" data-created_by=\"avia_inline_auto\" id=\"style-css-av-1irqe-497a7de0c7ca71c3516fa663a812ef41\">\n#top .av-special-heading.av-1irqe-497a7de0c7ca71c3516fa663a812ef41{\npadding-bottom:10px;\n}\nbody .av-special-heading.av-1irqe-497a7de0c7ca71c3516fa663a812ef41 .av-special-heading-tag .heading-char{\nfont-size:25px;\n}\n.av-special-heading.av-1irqe-497a7de0c7ca71c3516fa663a812ef41 .av-subheading{\nfont-size:15px;\n}\n<\/style>\n<div  class='av-special-heading av-1irqe-497a7de0c7ca71c3516fa663a812ef41 av-special-heading-h1  avia-builder-el-9  el_before_av_textblock  avia-builder-el-first  av-thin-font'><h1 class='av-special-heading-tag '  itemprop=\"headline\"  >Nehmen Sie<strong> Kontakt <\/strong>auf<\/h1><div class=\"special-heading-border\"><div class=\"special-heading-inner-border\"><\/div><\/div><\/div><br \/>\n<section  class='av_textblock_section av-1t5q9q-2af7041101e07c573751864f7b665ec8 '   itemscope=\"itemscope\" itemtype=\"https:\/\/schema.org\/CreativeWork\" ><div class='avia_textblock'  itemprop=\"text\" ><p>In der Gastronomie ist der gute Kontakt zu den G\u00e4sten der Schl\u00fcssel zum Erfolg. Treten Sie in den Dialog mit allen, die mit einem Besuch lieb\u00e4ugeln, schon mal Ihr Gast waren oder bereits zu Ihren Stammg\u00e4ste z\u00e4hlen.<\/p>\n<\/div><\/section><br \/>\n\n<style type=\"text\/css\" data-created_by=\"avia_inline_auto\" id=\"style-css-av-1m95yu-327d180e7f5a75ffecad940a361e076f\">\n.avia-image-container.av-1m95yu-327d180e7f5a75ffecad940a361e076f img.avia_image{\nbox-shadow:none;\n}\n.avia-image-container.av-1m95yu-327d180e7f5a75ffecad940a361e076f .av-image-caption-overlay-center{\ncolor:#ffffff;\n}\n<\/style>\n<div  class='avia-image-container av-1m95yu-327d180e7f5a75ffecad940a361e076f av-styling- avia-align-center  avia-builder-el-11  el_after_av_textblock  el_before_av_textblock '   itemprop=\"image\" itemscope=\"itemscope\" itemtype=\"https:\/\/schema.org\/ImageObject\" ><div class=\"avia-image-container-inner\"><div class=\"avia-image-overlay-wrap\"><img decoding=\"async\" fetchpriority=\"high\" class='wp-image-489 avia-img-lazy-loading-not-489 avia_image ' src=\"https:\/\/www.we-go-web.de\/3\/wp-content\/uploads\/2020\/06\/kontakt2-1500x630.jpg\" alt='' title='kontakt2'  height=\"630\" width=\"1500\"  itemprop=\"thumbnailUrl\"  \/><\/div><\/div><\/div><br \/>\n<section  class='av_textblock_section av-1d21fy-096ac01b483e6793dc9b65dac5a0fdc0 '   itemscope=\"itemscope\" itemtype=\"https:\/\/schema.org\/CreativeWork\" ><div class='avia_textblock'  itemprop=\"text\" ><p>F\u00fcr den Dialog mit Ihrem Publikum bietet unser Gastro-Web-Layout ausreichend Platz. Hier, an dieser Stelle k\u00f6nnen Sie Tipps geben, oder auf spezielle (z.B. saisonale) Angebote hinweisen, die zugeneigten Usern &#8222;den letzten Kick&#8220; geben.<\/p>\n<\/div><\/section><\/p><\/div><div  class='flex_column av-16h2ku-437ce072fc4c1e9458d5df52acf071f7 av_one_half  avia-builder-el-13  el_after_av_one_half  avia-builder-el-last  flex_column_div  '     ><p>\n<style type=\"text\/css\" data-created_by=\"avia_inline_auto\" id=\"style-css-av-74o92-686a1523a7f767e8e13a8edcf5da7b74\">\n#top .av-special-heading.av-74o92-686a1523a7f767e8e13a8edcf5da7b74{\npadding-bottom:10px;\n}\nbody .av-special-heading.av-74o92-686a1523a7f767e8e13a8edcf5da7b74 .av-special-heading-tag .heading-char{\nfont-size:25px;\n}\n.av-special-heading.av-74o92-686a1523a7f767e8e13a8edcf5da7b74 .av-subheading{\nfont-size:15px;\n}\n<\/style>\n<div  class='av-special-heading av-74o92-686a1523a7f767e8e13a8edcf5da7b74 av-special-heading-h1  avia-builder-el-14  el_before_av_contact  avia-builder-el-first  av-thin-font'><h1 class='av-special-heading-tag '  itemprop=\"headline\"  >Mailen <strong>SIE UNS<\/strong><\/h1><div class=\"special-heading-border\"><div class=\"special-heading-inner-border\"><\/div><\/div><\/div><br \/>\n<form action=\"https:\/\/www.we-go-web.de\/3\/kontakt\/\" method=\"post\" data-fields-with-error=\"Fehler wurden in folgenden Feld(ern) gefunden:\" class=\"avia_ajax_form av-form-labels-visible   avia-builder-el-15  el_after_av_heading  avia-builder-el-last  av-custom-form-color av-light-form \" data-avia-form-id=\"1\" data-avia-redirect='' ><fieldset><p class='  first_form  form_element form_element_half' id='element_avia_1_1'><label for=\"avia_1_1\">Name <abbr class=\"required\" title=\"ben\u00f6tigt\">*<\/abbr><\/label> <input name=\"avia_1_1\" class=\"text_input is_empty\" type=\"text\" id=\"avia_1_1\" value=\"\" \/><\/p><p class='  form_element form_element_half' id='element_avia_2_1'><label for=\"avia_2_1\">E-Mail <abbr class=\"required\" title=\"ben\u00f6tigt\">*<\/abbr><\/label> <input name=\"avia_2_1\" class=\"text_input is_email\" type=\"text\" id=\"avia_2_1\" value=\"\" \/><\/p><p class='  first_form  form_element form_fullwidth' id='element_avia_3_1'><label for=\"avia_3_1\">Telefon <abbr class=\"required\" title=\"ben\u00f6tigt\">*<\/abbr><\/label> <input name=\"avia_3_1\" class=\"text_input is_empty\" type=\"text\" id=\"avia_3_1\" value=\"\" \/><\/p><p class='  first_form  form_element form_fullwidth av-last-visible-form-element' id='element_avia_4_1'><label for=\"avia_4_1\" class=\"textare_label hidden textare_label_avia_4_1\">Ihre Nachricht <abbr class=\"required\" title=\"ben\u00f6tigt\">*<\/abbr><\/label><textarea  name=\"avia_4_1\" class=\"text_area is_empty\" cols=\"40\" rows=\"7\" id=\"avia_4_1\" ><\/textarea><\/p><p class=\"hidden\"><input type=\"text\" name=\"avia_5_1\" class=\"hidden \" id=\"avia_5_1\" value=\"\" \/><\/p><p class=\"form_element \"><input type=\"hidden\" value=\"1\" name=\"avia_generated_form1\" \/><input type=\"submit\" value=\"Senden\" class=\"button\"  data-sending-label=\"Sende\"\/><\/p><\/fieldset><\/form><div id=\"ajaxresponse_1\" class=\"ajaxresponse ajaxresponse_1 hidden\"><\/div><\/p><\/div>\n<\/p>\n","protected":false},"excerpt":{"rendered":"","protected":false},"author":1,"featured_media":0,"parent":0,"menu_order":0,"comment_status":"open","ping_status":"open","template":"","meta":{"footnotes":""},"class_list":["post-366","page","type-page","status-publish","hentry"],"_links":{"self":[{"href":"https:\/\/www.we-go-web.de\/3\/wp-json\/wp\/v2\/pages\/366","targetHints":{"allow":["GET"]}}],"collection":[{"href":"https:\/\/www.we-go-web.de\/3\/wp-json\/wp\/v2\/pages"}],"about":[{"href":"https:\/\/www.we-go-web.de\/3\/wp-json\/wp\/v2\/types\/page"}],"author":[{"embeddable":true,"href":"https:\/\/www.we-go-web.de\/3\/wp-json\/wp\/v2\/users\/1"}],"replies":[{"embeddable":true,"href":"https:\/\/www.we-go-web.de\/3\/wp-json\/wp\/v2\/comments?post=366"}],"version-history":[{"count":25,"href":"https:\/\/www.we-go-web.de\/3\/wp-json\/wp\/v2\/pages\/366\/revisions"}],"predecessor-version":[{"id":523,"href":"https:\/\/www.we-go-web.de\/3\/wp-json\/wp\/v2\/pages\/366\/revisions\/523"}],"wp:attachment":[{"href":"https:\/\/www.we-go-web.de\/3\/wp-json\/wp\/v2\/media?parent=366"}],"curies":[{"name":"wp","href":"https:\/\/api.w.org\/{rel}","templated":true}]}}