{"id":364,"date":"2014-07-09T15:49:10","date_gmt":"2014-07-09T15:49:10","guid":{"rendered":"http:\/\/192.168.1.104\/restaurant\/?page_id=12"},"modified":"2020-06-16T21:01:20","modified_gmt":"2020-06-16T19:01:20","slug":"speisen","status":"publish","type":"page","link":"https:\/\/www.we-go-web.de\/3\/speisen\/","title":{"rendered":"Speisen und Getr\u00e4nke"},"content":{"rendered":"\n<style type=\"text\/css\" data-created_by=\"avia_inline_auto\" id=\"style-css-av-bculvo-b5dcc367a904920f9e7bda8e57ce9a7e\">\n.avia-section.av-bculvo-b5dcc367a904920f9e7bda8e57ce9a7e .av-parallax .av-parallax-inner{\nbackground-repeat:no-repeat;\nbackground-image:url(https:\/\/www.we-go-web.de\/3\/wp-content\/uploads\/2020\/06\/speisen.jpg);\nbackground-position:50% 100%;\nbackground-attachment:scroll;\n}\n<\/style>\n<div id='av_section_1'  class='avia-section av-bculvo-b5dcc367a904920f9e7bda8e57ce9a7e main_color avia-section-default avia-no-shadow  avia-builder-el-0  el_before_av_section  avia-builder-el-first  avia-full-stretch av-parallax-section avia-bg-style-parallax av-minimum-height av-minimum-height-50 av-height-50  container_wrap fullsize'  data-section-bg-repeat='stretch' data-av_minimum_height_pc='50' data-av_min_height_opt='50'><div class='av-parallax' data-avia-parallax-ratio='0.3' ><div class='av-parallax-inner main_color avia-full-stretch'><\/div><\/div><div class='container av-section-cont-open' ><main  role=\"main\" itemprop=\"mainContentOfPage\"  class='template-page content  av-content-full alpha units'><div class='post-entry post-entry-type-page post-entry-364'><div class='entry-content-wrapper clearfix'>\n\n<style type=\"text\/css\" data-created_by=\"avia_inline_auto\" id=\"style-css-av-kbi3s6if-ac1d10231cdc71810c8f6003d7e9bce8\">\n#top .av-special-heading.av-kbi3s6if-ac1d10231cdc71810c8f6003d7e9bce8{\npadding-bottom:0;\ncolor:#ffffff;\nfont-size:60px;\n}\nbody .av-special-heading.av-kbi3s6if-ac1d10231cdc71810c8f6003d7e9bce8 .av-special-heading-tag .heading-char{\nfont-size:25px;\n}\n#top #wrap_all .av-special-heading.av-kbi3s6if-ac1d10231cdc71810c8f6003d7e9bce8 .av-special-heading-tag{\nfont-size:60px;\n}\n.av-special-heading.av-kbi3s6if-ac1d10231cdc71810c8f6003d7e9bce8 .special-heading-inner-border{\nborder-color:#ffffff;\n}\n.av-special-heading.av-kbi3s6if-ac1d10231cdc71810c8f6003d7e9bce8 .av-subheading{\nfont-size:18px;\n}\n\n@media only screen and (min-width: 480px) and (max-width: 767px){ \n#top #wrap_all .av-special-heading.av-kbi3s6if-ac1d10231cdc71810c8f6003d7e9bce8 .av-special-heading-tag{\nfont-size:0.8em;\n}\n}\n\n@media only screen and (max-width: 479px){ \n#top #wrap_all .av-special-heading.av-kbi3s6if-ac1d10231cdc71810c8f6003d7e9bce8 .av-special-heading-tag{\nfont-size:0.8em;\n}\n}\n<\/style>\n<div  class='av-special-heading av-kbi3s6if-ac1d10231cdc71810c8f6003d7e9bce8 av-special-heading-h1 custom-color-heading blockquote modern-quote  avia-builder-el-1  avia-builder-el-no-sibling  av-thin-font av-inherit-size'><h1 class='av-special-heading-tag '  itemprop=\"headline\"  ><strong>SPEISEN<\/strong> <span class='special_amp'>&amp;<\/span> <strong>GETR\u00c4NKE<\/strong><\/h1><div class='av_custom_color av-subheading av-subheading_below'><p>Eine kleine Auswahl unserer Speisen und Getr\u00e4nke<\/p>\n<\/div><div class=\"special-heading-border\"><div class=\"special-heading-inner-border\"><\/div><\/div><\/div>\n\n<\/div><\/div><\/main><!-- close content main element --><\/div><\/div><div id='av_section_2'  class='avia-section av-axpc90-a784cff878094e8dd468b5eb506b4703 main_color avia-section-default avia-no-shadow  avia-builder-el-2  el_after_av_section  avia-builder-el-last  avia-bg-style-scroll container_wrap fullsize'  ><div class='container av-section-cont-open' ><div class='template-page content  av-content-full alpha units'><div class='post-entry post-entry-type-page post-entry-364'><div class='entry-content-wrapper clearfix'>\n\n<style type=\"text\/css\" data-created_by=\"avia_inline_auto\" id=\"style-css-av-18thxg-5781cf2791b6cf7d650004fc4eea0a29\">\n#top .av-special-heading.av-18thxg-5781cf2791b6cf7d650004fc4eea0a29{\npadding-bottom:25px;\n}\nbody .av-special-heading.av-18thxg-5781cf2791b6cf7d650004fc4eea0a29 .av-special-heading-tag .heading-char{\nfont-size:25px;\n}\n.av-special-heading.av-18thxg-5781cf2791b6cf7d650004fc4eea0a29 .av-subheading{\nfont-size:15px;\n}\n<\/style>\n<div  class='av-special-heading av-18thxg-5781cf2791b6cf7d650004fc4eea0a29 av-special-heading-h2 blockquote modern-quote  avia-builder-el-3  el_before_av_one_full  avia-builder-el-first '><h2 class='av-special-heading-tag '  itemprop=\"headline\"  >TAGESKARTE<\/h2><div class=\"special-heading-border\"><div class=\"special-heading-inner-border\"><\/div><\/div><\/div>\n<div  class='flex_column av-aj5jro-81dab1311617808147272cf2182f700a av_one_full  avia-builder-el-4  el_after_av_heading  el_before_av_heading  first flex_column_div  '     ><div  class='av-catalogue-container av-aaof78-c992dfa32da7a5e70ffc049394b4769e  avia-builder-el-5  avia-builder-el-no-sibling '><ul class='av-catalogue-list'>\n<li><a href=\"https:\/\/www.we-go-web.de\/3\/wp-content\/uploads\/2020\/06\/essen-3.jpg\" data-srcset=\"https:\/\/www.we-go-web.de\/3\/wp-content\/uploads\/2020\/06\/essen-3.jpg 791w, https:\/\/www.we-go-web.de\/3\/wp-content\/uploads\/2020\/06\/essen-3-300x221.jpg 300w, https:\/\/www.we-go-web.de\/3\/wp-content\/uploads\/2020\/06\/essen-3-768x565.jpg 768w, https:\/\/www.we-go-web.de\/3\/wp-content\/uploads\/2020\/06\/essen-3-705x519.jpg 705w\" data-sizes=\"(max-width: 791px) 100vw, 791px\"  class='av-catalogue-item av-13cv84-479cd6b6f0a36960acdf3d05505b36b7' ><img decoding=\"async\" width=\"180\" height=\"180\" loading=\"lazy\" src=\"https:\/\/www.we-go-web.de\/3\/wp-content\/uploads\/2020\/06\/essen-3-180x180.jpg\" title='Essen' alt='' class='wp-image-467 avia-img-lazy-loading-467 av-catalogue-image' srcset=\"https:\/\/www.we-go-web.de\/3\/wp-content\/uploads\/2020\/06\/essen-3-180x180.jpg 180w, https:\/\/www.we-go-web.de\/3\/wp-content\/uploads\/2020\/06\/essen-3-80x80.jpg 80w, https:\/\/www.we-go-web.de\/3\/wp-content\/uploads\/2020\/06\/essen-3-36x36.jpg 36w\" sizes=\"auto, (max-width: 180px) 100vw, 180px\" \/><div class=\"av-catalogue-item-inner\"><div class=\"av-catalogue-title-container\"><div class='av-catalogue-title'>Tagesmen\u00fc<\/div><div class='av-catalogue-price'>0.00 \u20ac<\/div><\/div><div class=\"av-catalogue-content\">\nmit nat\u00fcrlichen Zutaten<br \/>\n<\/div><\/div><\/a><\/li>\n<li><a href=\"https:\/\/www.we-go-web.de\/3\/wp-content\/uploads\/2020\/06\/essen-2.jpg\" data-srcset=\"https:\/\/www.we-go-web.de\/3\/wp-content\/uploads\/2020\/06\/essen-2.jpg 791w, https:\/\/www.we-go-web.de\/3\/wp-content\/uploads\/2020\/06\/essen-2-300x221.jpg 300w, https:\/\/www.we-go-web.de\/3\/wp-content\/uploads\/2020\/06\/essen-2-768x565.jpg 768w, https:\/\/www.we-go-web.de\/3\/wp-content\/uploads\/2020\/06\/essen-2-705x519.jpg 705w\" data-sizes=\"(max-width: 791px) 100vw, 791px\"  class='av-catalogue-item av-39m2s-0baf61467dfcb89d6075b3fa04e04d7a' ><img decoding=\"async\" width=\"180\" height=\"180\" loading=\"lazy\" src=\"https:\/\/www.we-go-web.de\/3\/wp-content\/uploads\/2020\/06\/essen-2-180x180.jpg\" title='Essen' alt='' class='wp-image-466 avia-img-lazy-loading-466 av-catalogue-image' srcset=\"https:\/\/www.we-go-web.de\/3\/wp-content\/uploads\/2020\/06\/essen-2-180x180.jpg 180w, https:\/\/www.we-go-web.de\/3\/wp-content\/uploads\/2020\/06\/essen-2-80x80.jpg 80w, https:\/\/www.we-go-web.de\/3\/wp-content\/uploads\/2020\/06\/essen-2-36x36.jpg 36w\" sizes=\"auto, (max-width: 180px) 100vw, 180px\" \/><div class=\"av-catalogue-item-inner\"><div class=\"av-catalogue-title-container\"><div class='av-catalogue-title'>Wochenmen\u00fc<\/div><div class='av-catalogue-price'>0.00 \u20ac<\/div><\/div><div class=\"av-catalogue-content\">\nmit nat\u00fcrlichen Zutaten<br \/>\n<\/div><\/div><\/a><\/li>\n<\/ul><\/div><\/div>\n<style type=\"text\/css\" data-created_by=\"avia_inline_auto\" id=\"style-css-av-ppp4k-ceb0ec54d4edf49d388659901b204407\">\n#top .av-special-heading.av-ppp4k-ceb0ec54d4edf49d388659901b204407{\npadding-bottom:25px;\n}\nbody .av-special-heading.av-ppp4k-ceb0ec54d4edf49d388659901b204407 .av-special-heading-tag .heading-char{\nfont-size:25px;\n}\n.av-special-heading.av-ppp4k-ceb0ec54d4edf49d388659901b204407 .av-subheading{\nfont-size:15px;\n}\n<\/style>\n<div  class='av-special-heading av-ppp4k-ceb0ec54d4edf49d388659901b204407 av-special-heading-h2 blockquote modern-quote  avia-builder-el-6  el_after_av_one_full  el_before_av_one_half '><h2 class='av-special-heading-tag '  itemprop=\"headline\"  >FR\u00dcHST\u00dcCK<\/h2><div class=\"special-heading-border\"><div class=\"special-heading-inner-border\"><\/div><\/div><\/div>\n<div  class='flex_column av-9itnnw-7f63855e3374901a6280387770c6a777 av_one_half  avia-builder-el-7  el_after_av_heading  el_before_av_one_half  first flex_column_div  '     ><div  class='av-catalogue-container av-9a51t0-f5e76bff673b2196510a75ed81787416  avia-builder-el-8  avia-builder-el-no-sibling '><ul class='av-catalogue-list'>\n<li><div class='av-catalogue-item av-199kms-ee401d00b5dcf107ad97fc8f0abacae4' ><div class=\"av-catalogue-item-inner\"><div class=\"av-catalogue-title-container\"><div class='av-catalogue-title'>Kleines Fr\u00fchst\u00fcck<\/div><div class='av-catalogue-price'>0.00 \u20ac<\/div><\/div><div class=\"av-catalogue-content\">\nf\u00fcr den kleinen Hunger<br \/>\n<\/div><\/div><\/div><\/li>\n<li><div class='av-catalogue-item av-15bg4c-6988a5ecff1051e98040d8c94c9ef842' ><div class=\"av-catalogue-item-inner\"><div class=\"av-catalogue-title-container\"><div class='av-catalogue-title'>Grosses Fr\u00fchst\u00fcck<\/div><div class='av-catalogue-price'>0.00 \u20ac<\/div><\/div><div class=\"av-catalogue-content\">\nf\u00fcr den gro\u00dfen Hunger<br \/>\n<\/div><\/div><\/div><\/li>\n<\/ul><\/div><\/div><div  class='flex_column av-8qlrwk-db07a0db663f5f8f68f55136c4d249ab av_one_half  avia-builder-el-9  el_after_av_one_half  el_before_av_heading  flex_column_div  '     ><div  class='av-catalogue-container av-8jr2qc-dcbfa24683573019eb77e29730de6a54  avia-builder-el-10  avia-builder-el-no-sibling '><ul class='av-catalogue-list'>\n<li><div class='av-catalogue-item av-zojc4-21aafc7da26b069541aa3e49faab82ad' ><div class=\"av-catalogue-item-inner\"><div class=\"av-catalogue-title-container\"><div class='av-catalogue-title'>K\u00e4sefr\u00fchst\u00fcck<\/div><div class='av-catalogue-price'>0.00 \u20ac<\/div><\/div><div class=\"av-catalogue-content\">\ndie vegetarische Variante<br \/>\n<\/div><\/div><\/div><\/li>\n<li><div class='av-catalogue-item av-ptcas-2692905cb8cb65fdaa264d2fde8c2aae' ><div class=\"av-catalogue-item-inner\"><div class=\"av-catalogue-title-container\"><div class='av-catalogue-title'>veganes Fr\u00fchst\u00fcck<\/div><div class='av-catalogue-price'>0.00 \u20ac<\/div><\/div><div class=\"av-catalogue-content\">\ndie vegane Variante<br \/>\n<\/div><\/div><\/div><\/li>\n<\/ul><\/div><\/div>\n<style type=\"text\/css\" data-created_by=\"avia_inline_auto\" id=\"style-css-av-js3b8-6ba952cb1ddb5628bab8ba0ea14a672a\">\n#top .av-special-heading.av-js3b8-6ba952cb1ddb5628bab8ba0ea14a672a{\npadding-bottom:25px;\n}\nbody .av-special-heading.av-js3b8-6ba952cb1ddb5628bab8ba0ea14a672a .av-special-heading-tag .heading-char{\nfont-size:25px;\n}\n.av-special-heading.av-js3b8-6ba952cb1ddb5628bab8ba0ea14a672a .av-subheading{\nfont-size:15px;\n}\n<\/style>\n<div  class='av-special-heading av-js3b8-6ba952cb1ddb5628bab8ba0ea14a672a av-special-heading-h2 blockquote modern-quote  avia-builder-el-11  el_after_av_one_half  el_before_av_one_half '><h2 class='av-special-heading-tag '  itemprop=\"headline\"  >MITTAG<\/h2><div class=\"special-heading-border\"><div class=\"special-heading-inner-border\"><\/div><\/div><\/div>\n<div  class='flex_column av-7o9adg-63e3dcb826c0809543aaa12e420e6f89 av_one_half  avia-builder-el-12  el_after_av_heading  el_before_av_one_half  first flex_column_div  '     ><div  class='av-catalogue-container av-7hx33g-8def1df38eb2bce545392cfbda44d1a4  avia-builder-el-13  avia-builder-el-no-sibling '><ul class='av-catalogue-list'>\n<li><div class='av-catalogue-item av-1crdyc-0cc340488bb99c2a48430a859e8fe54e' ><div class=\"av-catalogue-item-inner\"><div class=\"av-catalogue-title-container\"><div class='av-catalogue-title'>Mittag 1<\/div><div class='av-catalogue-price'>0.00 \u20ac<\/div><\/div><div class=\"av-catalogue-content\">\nf\u00fcr den kleinen Hunger<br \/>\n<\/div><\/div><\/div><\/li>\n<li><div class='av-catalogue-item av-16fbb0-54b8e335604a4c5257de55068fd1eb25' ><div class=\"av-catalogue-item-inner\"><div class=\"av-catalogue-title-container\"><div class='av-catalogue-title'>Mittag 2<\/div><div class='av-catalogue-price'>0.00 \u20ac<\/div><\/div><div class=\"av-catalogue-content\">\nf\u00fcr den kleinen Hunger<br \/>\n<\/div><\/div><\/div><\/li>\n<li><div class='av-catalogue-item av-1394ys-cbadc95bda6454fbf85e0b467f017bea' ><div class=\"av-catalogue-item-inner\"><div class=\"av-catalogue-title-container\"><div class='av-catalogue-title'>Mittag 3<\/div><div class='av-catalogue-price'>0.00 \u20ac<\/div><\/div><div class=\"av-catalogue-content\">\nf\u00fcr den kleinen Hunger<br \/>\n<\/div><\/div><\/div><\/li>\n<\/ul><\/div><\/div><div  class='flex_column av-7o9adg-f0521e1985e95a7485ead40ae529468d av_one_half  avia-builder-el-14  el_after_av_one_half  el_before_av_heading  flex_column_div  '     ><div  class='av-catalogue-container av-7hx33g-8def1df38eb2bce545392cfbda44d1a4  avia-builder-el-15  avia-builder-el-no-sibling '><ul class='av-catalogue-list'>\n<li><div class='av-catalogue-item av-1fd81g-1eb819d687e157fa81200f7d70e18d19' ><div class=\"av-catalogue-item-inner\"><div class=\"av-catalogue-title-container\"><div class='av-catalogue-title'>Mittag 4<\/div><div class='av-catalogue-price'>0.00 \u20ac<\/div><\/div><div class=\"av-catalogue-content\">\nf\u00fcr den gro\u00dfen Hunger<br \/>\n<\/div><\/div><\/div><\/li>\n<li><div class='av-catalogue-item av-1b53yk-77bff8bafd9640f72c4df734d4fa51cc' ><div class=\"av-catalogue-item-inner\"><div class=\"av-catalogue-title-container\"><div class='av-catalogue-title'>Mittag 5<\/div><div class='av-catalogue-price'>0.00 \u20ac<\/div><\/div><div class=\"av-catalogue-content\">\nf\u00fcr den gro\u00dfen Hunger<br \/>\n<\/div><\/div><\/div><\/li>\n<li><div class='av-catalogue-item av-14b83w-ebbb52a6f839a0b82eb12fa807658aeb' ><div class=\"av-catalogue-item-inner\"><div class=\"av-catalogue-title-container\"><div class='av-catalogue-title'>Mittag 6<\/div><div class='av-catalogue-price'>0.00 \u20ac<\/div><\/div><div class=\"av-catalogue-content\">\nf\u00fcr den gro\u00dfen Hunger<br \/>\n<\/div><\/div><\/div><\/li>\n<\/ul><\/div><\/div>\n<style type=\"text\/css\" data-created_by=\"avia_inline_auto\" id=\"style-css-av-fh8gs-c16c799f7edc2d05b225f5494e4f817f\">\n#top .av-special-heading.av-fh8gs-c16c799f7edc2d05b225f5494e4f817f{\npadding-bottom:25px;\n}\nbody .av-special-heading.av-fh8gs-c16c799f7edc2d05b225f5494e4f817f .av-special-heading-tag .heading-char{\nfont-size:25px;\n}\n.av-special-heading.av-fh8gs-c16c799f7edc2d05b225f5494e4f817f .av-subheading{\nfont-size:15px;\n}\n<\/style>\n<div  class='av-special-heading av-fh8gs-c16c799f7edc2d05b225f5494e4f817f av-special-heading-h2 blockquote modern-quote  avia-builder-el-16  el_after_av_one_half  el_before_av_one_half '><h2 class='av-special-heading-tag '  itemprop=\"headline\"  >ABEND<\/h2><div class=\"special-heading-border\"><div class=\"special-heading-inner-border\"><\/div><\/div><\/div>\n<div  class='flex_column av-6qa2vo-b356e2b42699a6b38678d5064baf81bf av_one_half  avia-builder-el-17  el_after_av_heading  el_before_av_one_half  first flex_column_div  '     ><div  class='av-catalogue-container av-6lcyc4-3266ba120b98dd03a083c6269be62cc2  avia-builder-el-18  avia-builder-el-no-sibling '><ul class='av-catalogue-list'>\n<li><div class='av-catalogue-item av-qnuak-f9e189fe323ac4e9295d207227bdb322' ><div class=\"av-catalogue-item-inner\"><div class=\"av-catalogue-title-container\"><div class='av-catalogue-title'>Abend 1<\/div><div class='av-catalogue-price'>0.00 \u20ac<\/div><\/div><div class=\"av-catalogue-content\">\nf\u00fcr den kleinen Hunger<br \/>\n<\/div><\/div><\/div><\/li>\n<li><div class='av-catalogue-item av-mgr90-e8f1c7bebe632e6a34faa88709b12829' ><div class=\"av-catalogue-item-inner\"><div class=\"av-catalogue-title-container\"><div class='av-catalogue-title'>Abend 2<\/div><div class='av-catalogue-price'>0.00 \u20ac<\/div><\/div><div class=\"av-catalogue-content\">\nf\u00fcr den kleinen Hunger<br \/>\n<\/div><\/div><\/div><\/li>\n<li><div class='av-catalogue-item av-hpbyc-ca6d205cc73c1900d86a8d7b5e35eae0' ><div class=\"av-catalogue-item-inner\"><div class=\"av-catalogue-title-container\"><div class='av-catalogue-title'>Abend 3<\/div><div class='av-catalogue-price'>0.00 \u20ac<\/div><\/div><div class=\"av-catalogue-content\">\nf\u00fcr den kleinen Hunger<br \/>\n<\/div><\/div><\/div><\/li>\n<\/ul><\/div><\/div><div  class='flex_column av-6qa2vo-acf6c6c9d150e9a03ede47466f7accd5 av_one_half  avia-builder-el-19  el_after_av_one_half  el_before_av_heading  flex_column_div  '     ><div  class='av-catalogue-container av-6lcyc4-3266ba120b98dd03a083c6269be62cc2  avia-builder-el-20  avia-builder-el-no-sibling '><ul class='av-catalogue-list'>\n<li><div class='av-catalogue-item av-pa1us-4b6c4fcbf421708c0a117ab57ef4a251' ><div class=\"av-catalogue-item-inner\"><div class=\"av-catalogue-title-container\"><div class='av-catalogue-title'>Abend 4<\/div><div class='av-catalogue-price'>0.00 \u20ac<\/div><\/div><div class=\"av-catalogue-content\">\nf\u00fcr den gro\u00dfen Hunger<br \/>\n<\/div><\/div><\/div><\/li>\n<li><div class='av-catalogue-item av-ngakk-e11cd14aae02111152b150e4f3538adc' ><div class=\"av-catalogue-item-inner\"><div class=\"av-catalogue-title-container\"><div class='av-catalogue-title'>Abend 5<\/div><div class='av-catalogue-price'>0.00 \u20ac<\/div><\/div><div class=\"av-catalogue-content\">\nf\u00fcr den gro\u00dfen Hunger<br \/>\n<\/div><\/div><\/div><\/li>\n<li><div class='av-catalogue-item av-1ajfo-2c648750521b71ebc0fd68461168df1f' ><div class=\"av-catalogue-item-inner\"><div class=\"av-catalogue-title-container\"><div class='av-catalogue-title'>Abend 6<\/div><div class='av-catalogue-price'>0.00 \u20ac<\/div><\/div><div class=\"av-catalogue-content\">\nf\u00fcr den gro\u00dfen Hunger<br \/>\n<\/div><\/div><\/div><\/li>\n<\/ul><\/div><\/div>\n<style type=\"text\/css\" data-created_by=\"avia_inline_auto\" id=\"style-css-av-6ohos-8e7006107af0f6bb3b2e25586a327f83\">\n#top .av-special-heading.av-6ohos-8e7006107af0f6bb3b2e25586a327f83{\npadding-bottom:25px;\n}\nbody .av-special-heading.av-6ohos-8e7006107af0f6bb3b2e25586a327f83 .av-special-heading-tag .heading-char{\nfont-size:25px;\n}\n.av-special-heading.av-6ohos-8e7006107af0f6bb3b2e25586a327f83 .av-subheading{\nfont-size:15px;\n}\n<\/style>\n<div  class='av-special-heading av-6ohos-8e7006107af0f6bb3b2e25586a327f83 av-special-heading-h2 blockquote modern-quote  avia-builder-el-21  el_after_av_one_half  el_before_av_one_third '><h2 class='av-special-heading-tag '  itemprop=\"headline\"  >GETR\u00c4NKE<\/h2><div class=\"special-heading-border\"><div class=\"special-heading-inner-border\"><\/div><\/div><\/div>\n<div  class='flex_column av-32aijw-4e5df51079f7302c99ad6666f8732f50 av_one_third  avia-builder-el-22  el_after_av_heading  el_before_av_one_third  first flex_column_div  '     ><div  class='av-catalogue-container av-2yj9q4-73cb36c58c88840baff916c8e6b5358a  avia-builder-el-23  avia-builder-el-no-sibling '><ul class='av-catalogue-list'>\n<li><div class='av-catalogue-item av-22axck-7a6dd0e77cb9c572ce22ed6cec792740' ><div class=\"av-catalogue-item-inner\"><div class=\"av-catalogue-title-container\"><div class='av-catalogue-title'>LIMONADE<\/div><div class='av-catalogue-price'>0.00 \u20ac<\/div><\/div><div class=\"av-catalogue-content\"><\/div><\/div><\/div><\/li>\n<li><div class='av-catalogue-item av-1wug1o-1aacbadec10b4618e064d1fc7e52bd58' ><div class=\"av-catalogue-item-inner\"><div class=\"av-catalogue-title-container\"><div class='av-catalogue-title'>BIER<\/div><div class='av-catalogue-price'>0.00 \u20ac<\/div><\/div><div class=\"av-catalogue-content\"><\/div><\/div><\/div><\/li>\n<li><div class='av-catalogue-item av-1q4b84-d2a1b1e881664408dc8d2832a180dd9d' ><div class=\"av-catalogue-item-inner\"><div class=\"av-catalogue-title-container\"><div class='av-catalogue-title'>APFELSAFT<\/div><div class='av-catalogue-price'>0.00 \u20ac<\/div><\/div><div class=\"av-catalogue-content\"><\/div><\/div><\/div><\/li>\n<li><div class='av-catalogue-item av-5uuk4-1ed3c7d33e1d7af5deba6c4b432f72dc' ><div class=\"av-catalogue-item-inner\"><div class=\"av-catalogue-title-container\"><div class='av-catalogue-title'>Orangensaft<\/div><div class='av-catalogue-price'>0.00 \u20ac<\/div><\/div><div class=\"av-catalogue-content\"><\/div><\/div><\/div><\/li>\n<\/ul><\/div><\/div><div  class='flex_column av-20m0g4-a5c72b311a9a43352ee7a57bfd161a8f av_one_third  avia-builder-el-24  el_after_av_one_third  el_before_av_one_third  flex_column_div  '     ><div  class='av-catalogue-container av-1xgb30-cb5b4e0da53d18923648404e276cbecd  avia-builder-el-25  avia-builder-el-no-sibling '><ul class='av-catalogue-list'>\n<li><div class='av-catalogue-item av-1cfaro-bc2a25a0889f9222558ff5917f45d6df' ><div class=\"av-catalogue-item-inner\"><div class=\"av-catalogue-title-container\"><div class='av-catalogue-title'>Coca Cola<\/div><div class='av-catalogue-price'>0.00 \u20ac<\/div><\/div><div class=\"av-catalogue-content\"><\/div><\/div><\/div><\/li>\n<li><div class='av-catalogue-item av-1bk430-5f6ec3181851e0cf8635ff82c228ca02' ><div class=\"av-catalogue-item-inner\"><div class=\"av-catalogue-title-container\"><div class='av-catalogue-title'>Pepsi Cola<\/div><div class='av-catalogue-price'>0.00 \u20ac<\/div><\/div><div class=\"av-catalogue-content\"><\/div><\/div><\/div><\/li>\n<li><div class='av-catalogue-item av-13z78k-e0b736a6d0c7a74e7df51be7468837e8' ><div class=\"av-catalogue-item-inner\"><div class=\"av-catalogue-title-container\"><div class='av-catalogue-title'>Red Bull<\/div><div class='av-catalogue-price'>0.00 \u20ac<\/div><\/div><div class=\"av-catalogue-content\"><\/div><\/div><\/div><\/li>\n<li><div class='av-catalogue-item av-z6jyk-403116614093af7a5a96456819b3505b' ><div class=\"av-catalogue-item-inner\"><div class=\"av-catalogue-title-container\"><div class='av-catalogue-title'>Bitter Lemon<\/div><div class='av-catalogue-price'>0.00 \u20ac<\/div><\/div><div class=\"av-catalogue-content\"><\/div><\/div><\/div><\/li>\n<\/ul><\/div><\/div><div  class='flex_column av-14juak-bbed2e4bbb014dde5ae2337fd05217e3 av_one_third  avia-builder-el-26  el_after_av_one_third  avia-builder-el-last  flex_column_div  '     ><div  class='av-catalogue-container av-xalz0-327784ac8493d900779dd490d66e9ae0  avia-builder-el-27  avia-builder-el-no-sibling '><ul class='av-catalogue-list'>\n<li><div class='av-catalogue-item av-roask-efbee10e521233200cbd1b1eec2bb79a' ><div class=\"av-catalogue-item-inner\"><div class=\"av-catalogue-title-container\"><div class='av-catalogue-title'>Rotwein<\/div><div class='av-catalogue-price'>0.00 \u20ac<\/div><\/div><div class=\"av-catalogue-content\"><\/div><\/div><\/div><\/li>\n<li><div class='av-catalogue-item av-m6ma4-e5c91789bd52d5c05c28c5f7b3a70966' ><div class=\"av-catalogue-item-inner\"><div class=\"av-catalogue-title-container\"><div class='av-catalogue-title'>Wei\u00dfwein<\/div><div class='av-catalogue-price'>0.00 \u20ac<\/div><\/div><div class=\"av-catalogue-content\"><\/div><\/div><\/div><\/li>\n<li><div class='av-catalogue-item av-gbkac-44f6f8a74a6f0fe5bc98efe727491540' ><div class=\"av-catalogue-item-inner\"><div class=\"av-catalogue-title-container\"><div class='av-catalogue-title'>Prosecco<\/div><div class='av-catalogue-price'>0.00 \u20ac<\/div><\/div><div class=\"av-catalogue-content\"><\/div><\/div><\/div><\/li>\n<li><div class='av-catalogue-item av-xkm4-d1c10fe583bed49d346bb125f0592f8a' ><div class=\"av-catalogue-item-inner\"><div class=\"av-catalogue-title-container\"><div class='av-catalogue-title'>Gin Tonic<\/div><div class='av-catalogue-price'>0.00 \u20ac<\/div><\/div><div class=\"av-catalogue-content\"><\/div><\/div><\/div><\/li>\n<\/ul><\/div><\/div>\n\n","protected":false},"excerpt":{"rendered":"","protected":false},"author":1,"featured_media":0,"parent":0,"menu_order":0,"comment_status":"open","ping_status":"open","template":"","meta":{"footnotes":""},"class_list":["post-364","page","type-page","status-publish","hentry"],"_links":{"self":[{"href":"https:\/\/www.we-go-web.de\/3\/wp-json\/wp\/v2\/pages\/364","targetHints":{"allow":["GET"]}}],"collection":[{"href":"https:\/\/www.we-go-web.de\/3\/wp-json\/wp\/v2\/pages"}],"about":[{"href":"https:\/\/www.we-go-web.de\/3\/wp-json\/wp\/v2\/types\/page"}],"author":[{"embeddable":true,"href":"https:\/\/www.we-go-web.de\/3\/wp-json\/wp\/v2\/users\/1"}],"replies":[{"embeddable":true,"href":"https:\/\/www.we-go-web.de\/3\/wp-json\/wp\/v2\/comments?post=364"}],"version-history":[{"count":18,"href":"https:\/\/www.we-go-web.de\/3\/wp-json\/wp\/v2\/pages\/364\/revisions"}],"predecessor-version":[{"id":404,"href":"https:\/\/www.we-go-web.de\/3\/wp-json\/wp\/v2\/pages\/364\/revisions\/404"}],"wp:attachment":[{"href":"https:\/\/www.we-go-web.de\/3\/wp-json\/wp\/v2\/media?parent=364"}],"curies":[{"name":"wp","href":"https:\/\/api.w.org\/{rel}","templated":true}]}}