{"id":362,"date":"2014-07-09T15:49:00","date_gmt":"2014-07-09T15:49:00","guid":{"rendered":"http:\/\/192.168.1.104\/restaurant\/?page_id=9"},"modified":"2020-07-02T15:24:26","modified_gmt":"2020-07-02T13:24:26","slug":"willkommen","status":"publish","type":"page","link":"https:\/\/www.we-go-web.de\/3\/","title":{"rendered":"Willkommen"},"content":{"rendered":"\n<style type=\"text\/css\" data-created_by=\"avia_inline_auto\" id=\"style-css-av-5qgnwa-bb003ec57d4210b95a6584b0ca00fe3f\">\n.avia-section.av-5qgnwa-bb003ec57d4210b95a6584b0ca00fe3f .av-parallax .av-parallax-inner{\nbackground-repeat:no-repeat;\nbackground-image:url(https:\/\/www.we-go-web.de\/3\/wp-content\/uploads\/2020\/06\/start2.jpg);\nbackground-position:50% 50%;\nbackground-attachment:scroll;\n}\n<\/style>\n<div id='av_section_1'  class='avia-section av-5qgnwa-bb003ec57d4210b95a6584b0ca00fe3f main_color avia-section-default avia-no-shadow  avia-builder-el-0  el_before_av_section  avia-builder-el-first  avia-full-stretch av-parallax-section avia-bg-style-parallax av-minimum-height av-minimum-height-custom av-height-custom  container_wrap fullsize'  data-section-bg-repeat='stretch' data-av_minimum_height_px='600'><div class='av-parallax' data-avia-parallax-ratio='0.3' ><div class='av-parallax-inner main_color avia-full-stretch'><\/div><\/div><div class='container av-section-cont-open' style='height:600px'><main  role=\"main\" itemprop=\"mainContentOfPage\"  class='template-page content  av-content-full alpha units'><div class='post-entry post-entry-type-page post-entry-362'><div class='entry-content-wrapper clearfix'>\n\n<style type=\"text\/css\" data-created_by=\"avia_inline_auto\" id=\"style-css-av-kbi2ci57-f7e31a6ca7e672da8fd073c15c7d747f\">\n#top .av-special-heading.av-kbi2ci57-f7e31a6ca7e672da8fd073c15c7d747f{\npadding-bottom:0;\ncolor:#ffffff;\nfont-size:60px;\n}\nbody .av-special-heading.av-kbi2ci57-f7e31a6ca7e672da8fd073c15c7d747f .av-special-heading-tag .heading-char{\nfont-size:25px;\n}\n#top #wrap_all .av-special-heading.av-kbi2ci57-f7e31a6ca7e672da8fd073c15c7d747f .av-special-heading-tag{\nfont-size:60px;\n}\n.av-special-heading.av-kbi2ci57-f7e31a6ca7e672da8fd073c15c7d747f .special-heading-inner-border{\nborder-color:#ffffff;\n}\n.av-special-heading.av-kbi2ci57-f7e31a6ca7e672da8fd073c15c7d747f .av-subheading{\nfont-size:18px;\n}\n\n@media only screen and (min-width: 480px) and (max-width: 767px){ \n#top #wrap_all .av-special-heading.av-kbi2ci57-f7e31a6ca7e672da8fd073c15c7d747f .av-special-heading-tag{\nfont-size:0.8em;\n}\n}\n\n@media only screen and (max-width: 479px){ \n#top #wrap_all .av-special-heading.av-kbi2ci57-f7e31a6ca7e672da8fd073c15c7d747f .av-special-heading-tag{\nfont-size:0.8em;\n}\n}\n<\/style>\n<div  class='av-special-heading av-kbi2ci57-f7e31a6ca7e672da8fd073c15c7d747f av-special-heading-h1 custom-color-heading blockquote modern-quote  avia-builder-el-1  avia-builder-el-no-sibling  av-thin-font av-inherit-size'><h1 class='av-special-heading-tag '  itemprop=\"headline\"  >HERZLICH WILLKOMMEN<br \/>\nin unserem <strong>Restaurant<\/strong><\/h1><div class='av_custom_color av-subheading av-subheading_below'><p>Reservierungen unter <a href=\"tel:123456\">123456789<\/a><\/p>\n<\/div><div class=\"special-heading-border\"><div class=\"special-heading-inner-border\"><\/div><\/div><\/div>\n\n<\/div><\/div><\/main><!-- close content main element --><\/div><\/div><div id='av_section_2'  class='avia-section av-5d6b7u-4a74fae3bc783bcbe20250b17f17b6ea main_color avia-section-large avia-no-border-styling  avia-builder-el-2  el_after_av_section  avia-builder-el-last  avia-bg-style-scroll container_wrap fullsize'  ><div class='container av-section-cont-open' ><div class='template-page content  av-content-full alpha units'><div class='post-entry post-entry-type-page post-entry-362'><div class='entry-content-wrapper clearfix'>\n<div  class='flex_column av-59aeya-93496120993aaec732c65bd5c88ac697 av_two_third  avia-builder-el-3  el_before_av_one_third  avia-builder-el-first  first flex_column_div  '     ><div  class='avia-slideshow av-506gmi-f31a895cbf397534f1178dcf98fee96a avia-slideshow-magazine av_slideshow avia-fade-slider  avia-builder-el-4  avia-builder-el-no-sibling  av-slideshow-ui av-control-default av-slideshow-autoplay av-loop-endless av-loop-manual-endless av-default-height-applied avia-slideshow-1' data-slideshow-options=\"{&quot;animation&quot;:&quot;fade&quot;,&quot;autoplay&quot;:true,&quot;loop_autoplay&quot;:&quot;endless&quot;,&quot;interval&quot;:5,&quot;loop_manual&quot;:&quot;manual-endless&quot;,&quot;autoplay_stopper&quot;:false,&quot;noNavigation&quot;:false,&quot;bg_slider&quot;:false,&quot;keep_padding&quot;:false,&quot;hoverpause&quot;:false,&quot;show_slide_delay&quot;:0}\"  itemprop=\"image\" itemscope=\"itemscope\" itemtype=\"https:\/\/schema.org\/ImageObject\" ><ul class='avia-slideshow-inner ' style='padding-bottom: 52.816901408451%;'><li  class='avia-slideshow-slide av-506gmi-f31a895cbf397534f1178dcf98fee96a__0  slide-1 slide-odd'><div data-rel='slideshow-1' class='avia-slide-wrap '   ><img decoding=\"async\" fetchpriority=\"high\" class=\"wp-image-465 avia-img-lazy-loading-not-465\"  src=\"https:\/\/www.we-go-web.de\/3\/wp-content\/uploads\/2020\/06\/essen-1-710x375.jpg\" width=\"710\" height=\"375\" title='Essen' alt=''  itemprop=\"thumbnailUrl\"   \/><\/div><\/li><li  class='avia-slideshow-slide av-506gmi-f31a895cbf397534f1178dcf98fee96a__1  slide-2 slide-even'><div data-rel='slideshow-1' class='avia-slide-wrap '   ><img decoding=\"async\" fetchpriority=\"high\" class=\"wp-image-466 avia-img-lazy-loading-not-466\"  src=\"https:\/\/www.we-go-web.de\/3\/wp-content\/uploads\/2020\/06\/essen-2-710x375.jpg\" width=\"710\" height=\"375\" title='Essen' alt=''  itemprop=\"thumbnailUrl\"   \/><\/div><\/li><li  class='avia-slideshow-slide av-506gmi-f31a895cbf397534f1178dcf98fee96a__2  slide-3 slide-odd'><div data-rel='slideshow-1' class='avia-slide-wrap '   ><img decoding=\"async\" fetchpriority=\"high\" class=\"wp-image-467 avia-img-lazy-loading-not-467\"  src=\"https:\/\/www.we-go-web.de\/3\/wp-content\/uploads\/2020\/06\/essen-3-710x375.jpg\" width=\"710\" height=\"375\" title='Essen' alt=''  itemprop=\"thumbnailUrl\"   \/><\/div><\/li><\/ul><div class='avia-slideshow-arrows avia-slideshow-controls' ><a href='#prev' class='prev-slide  avia-svg-icon avia-font-svg_entypo-fontello' data-av_svg_icon='left-open-big' data-av_iconset='svg_entypo-fontello' tabindex='-1' title=\"Zur\u00fcck\"><svg version=\"1.1\" xmlns=\"http:\/\/www.w3.org\/2000\/svg\" width=\"15\" height=\"32\" viewBox=\"0 0 15 32\" preserveAspectRatio=\"xMidYMid meet\" aria-labelledby='av-svg-title-1' aria-describedby='av-svg-desc-1' role=\"graphics-symbol\" aria-hidden=\"true\">\n<title id='av-svg-title-1'>Zur\u00fcck<\/title>\n<desc id='av-svg-desc-1'>Zur\u00fcck<\/desc>\n<path d=\"M14.464 27.84q0.832 0.832 0 1.536-0.832 0.832-1.536 0l-12.544-12.608q-0.768-0.768 0-1.6l12.544-12.608q0.704-0.832 1.536 0 0.832 0.704 0 1.536l-11.456 11.904z\"><\/path>\n<\/svg><span class='avia_hidden_link_text'>Zur\u00fcck<\/span><\/a><a href='#next' class='next-slide  avia-svg-icon avia-font-svg_entypo-fontello' data-av_svg_icon='right-open-big' data-av_iconset='svg_entypo-fontello' tabindex='-1' title=\"Weiter\"><svg version=\"1.1\" xmlns=\"http:\/\/www.w3.org\/2000\/svg\" width=\"15\" height=\"32\" viewBox=\"0 0 15 32\" preserveAspectRatio=\"xMidYMid meet\" aria-labelledby='av-svg-title-2' aria-describedby='av-svg-desc-2' role=\"graphics-symbol\" aria-hidden=\"true\">\n<title id='av-svg-title-2'>Weiter<\/title>\n<desc id='av-svg-desc-2'>Weiter<\/desc>\n<path d=\"M0.416 27.84l11.456-11.84-11.456-11.904q-0.832-0.832 0-1.536 0.832-0.832 1.536 0l12.544 12.608q0.768 0.832 0 1.6l-12.544 12.608q-0.704 0.832-1.536 0-0.832-0.704 0-1.536z\"><\/path>\n<\/svg><span class='avia_hidden_link_text'>Weiter<\/span><\/a><\/div><div class='avia-slideshow-dots avia-slideshow-controls'><a href='#1' class='goto-slide active' >1<\/a><a href='#2' class='goto-slide ' >2<\/a><a href='#3' class='goto-slide ' >3<\/a><\/div><\/div><\/div><div  class='flex_column av-4ey3ne-dff81427c9eb207cbc6c509040f1e71d av_one_third  avia-builder-el-5  el_after_av_two_third  el_before_av_one_third  flex_column_div  '     ><p>\n<style type=\"text\/css\" data-created_by=\"avia_inline_auto\" id=\"style-css-av-av_heading-adef1d8114745ceb66bececea36ed0df\">\n#top .av-special-heading.av-av_heading-adef1d8114745ceb66bececea36ed0df{\npadding-bottom:0;\n}\nbody .av-special-heading.av-av_heading-adef1d8114745ceb66bececea36ed0df .av-special-heading-tag .heading-char{\nfont-size:25px;\n}\n.av-special-heading.av-av_heading-adef1d8114745ceb66bececea36ed0df .av-subheading{\nfont-size:15px;\n}\n<\/style>\n<div  class='av-special-heading av-av_heading-adef1d8114745ceb66bececea36ed0df av-special-heading-h2 blockquote modern-quote  avia-builder-el-6  el_before_av_textblock  avia-builder-el-first  av-thin-font'><h2 class='av-special-heading-tag '  itemprop=\"headline\"  >Gutes Essen <span class='special_amp'>&amp;<\/span> <strong>Trinken<\/strong><\/h2><div class='av-subheading av-subheading_below'><p>Wir hoffen Sie bald begr\u00fc\u00dfen zu d\u00fcrfen!<\/p>\n<\/div><div class=\"special-heading-border\"><div class=\"special-heading-inner-border\"><\/div><\/div><\/div><br \/>\n<section  class='av_textblock_section av-44e1ju-7fa44af1e6d6a8a7c8eb38599fa169fe '   itemscope=\"itemscope\" itemtype=\"https:\/\/schema.org\/CreativeWork\" ><div class='avia_textblock'  itemprop=\"text\" ><p>Dieses Web-Layout haben wir speziell f\u00fcr die Gastronomie entwickelt. Selbstverst\u00e4ndlich kann dieser Layoutvorschlag prinzipiell auch f\u00fcr andere Branchen verwendet werden.<\/p>\n<p>Wir bieten Ihnen hier die M\u00f6glichkeit, Ihr Tool f\u00fcr Online-Reservierungen einzubinden und pr\u00e4sentieren Ihre Speisekarte, mit der sich potenzielle G\u00e4ste schnell einen \u00dcberblick verschaffen k\u00f6nnen.<\/p>\n<p>Auch die M\u00f6glichkeit, schnell und unkompliziert Mitteilungen machen zu k\u00f6nnen (z.B. bzgl. abweichender \u00d6ffnungszeiten oder Aktionen) haben wir vorgesehen.<\/p>\n<\/div><\/section><\/p><\/div><div  class='flex_column av-3xpvpu-7ff6df67f487632b83569c3722153ec6 av_one_third  avia-builder-el-8  el_after_av_one_third  el_before_av_one_third  first flex_column_div  column-top-margin'     ><p>\n<style type=\"text\/css\" data-created_by=\"avia_inline_auto\" id=\"style-css-av-3rmc62-e3c54ce86642003cceb7c7bf4521ee4b\">\n.avia-image-container.av-3rmc62-e3c54ce86642003cceb7c7bf4521ee4b img.avia_image{\nbox-shadow:none;\n}\n.avia-image-container.av-3rmc62-e3c54ce86642003cceb7c7bf4521ee4b .av-image-caption-overlay-center{\ncolor:#ffffff;\nfont-size:20px;\n}\n<\/style>\n<div  class='avia-image-container av-3rmc62-e3c54ce86642003cceb7c7bf4521ee4b av-styling- avia_animated_image av-animated-when-visible-95 pop-up avia-align-center  avia-builder-el-9  el_before_av_icon_box  avia-builder-el-first '   itemprop=\"image\" itemscope=\"itemscope\" itemtype=\"https:\/\/schema.org\/ImageObject\" ><div class=\"avia-image-container-inner\"><div class=\"avia-image-overlay-wrap\"><img decoding=\"async\" fetchpriority=\"high\" class='wp-image-470 avia-img-lazy-loading-not-470 avia_image ' src=\"https:\/\/www.we-go-web.de\/3\/wp-content\/uploads\/2020\/06\/akutelles-2-600x430.jpg\" alt='' title='Gl\u00e4ser'  height=\"430\" width=\"600\"  itemprop=\"thumbnailUrl\" srcset=\"https:\/\/www.we-go-web.de\/3\/wp-content\/uploads\/2020\/06\/akutelles-2-600x430.jpg 600w, https:\/\/www.we-go-web.de\/3\/wp-content\/uploads\/2020\/06\/akutelles-2-260x185.jpg 260w\" sizes=\"(max-width: 600px) 100vw, 600px\" \/><\/div><\/div><\/div><br \/>\n<article  class='iconbox iconbox_left av-coy4i-fc23fb469dc8284813b17adc0eb5942f  avia-builder-el-10  el_after_av_image  avia-builder-el-last '  itemscope=\"itemscope\" itemtype=\"https:\/\/schema.org\/CreativeWork\" ><div class=\"iconbox_content\"><header class=\"entry-content-header\" aria-label=\"Icon: AKTUELLES\"><div class='iconbox_icon heading-color avia-iconfont avia-font-entypo-fontello' data-av_icon='\ue808' data-av_iconfont='entypo-fontello'  ><\/div><h3 class='iconbox_content_title '  itemprop=\"headline\" >AKTUELLES<\/h3><\/header><div class='iconbox_content_container '  itemprop=\"text\" ><p>An dieser Stelle teilen Sie Ihren G\u00e4sten schnell und unkompliziert wichtige Neuigkeiten mit.<\/p>\n<\/div><\/div><footer class=\"entry-footer\"><\/footer><\/article><\/p><\/div><div  class='flex_column av-3fxmc2-b3cb2682affe9f20ccc232ae4e4d84f3 av_one_third  avia-builder-el-11  el_after_av_one_third  avia-builder-el-last  flex_column_div  column-top-margin'     ><p>\n<style type=\"text\/css\" data-created_by=\"avia_inline_auto\" id=\"style-css-av-36ovxu-0e22b8ba37679818526235ba3a646c9c\">\n.avia-image-container.av-36ovxu-0e22b8ba37679818526235ba3a646c9c img.avia_image{\nbox-shadow:none;\n}\n.avia-image-container.av-36ovxu-0e22b8ba37679818526235ba3a646c9c .av-image-caption-overlay-center{\ncolor:#ffffff;\nfont-size:20px;\n}\n<\/style>\n<div  class='avia-image-container av-36ovxu-0e22b8ba37679818526235ba3a646c9c av-styling- avia_animated_image av-animated-when-visible-95 pop-up avia-align-center  avia-builder-el-12  el_before_av_icon_box  avia-builder-el-first '   itemprop=\"image\" itemscope=\"itemscope\" itemtype=\"https:\/\/schema.org\/ImageObject\" ><div class=\"avia-image-container-inner\"><div class=\"avia-image-overlay-wrap\"><img decoding=\"async\" fetchpriority=\"high\" class='wp-image-471 avia-img-lazy-loading-not-471 avia_image ' src=\"https:\/\/www.we-go-web.de\/3\/wp-content\/uploads\/2020\/06\/aktuelles-600x430.jpg\" alt='' title='Restaurant'  height=\"430\" width=\"600\"  itemprop=\"thumbnailUrl\" srcset=\"https:\/\/www.we-go-web.de\/3\/wp-content\/uploads\/2020\/06\/aktuelles-600x430.jpg 600w, https:\/\/www.we-go-web.de\/3\/wp-content\/uploads\/2020\/06\/aktuelles-260x185.jpg 260w\" sizes=\"(max-width: 600px) 100vw, 600px\" \/><\/div><\/div><\/div><br \/>\n<article  class='iconbox iconbox_left av-35135u-21053d15b82773363a7285d70b7ebbc2  avia-builder-el-13  el_after_av_image  avia-builder-el-last '  itemscope=\"itemscope\" itemtype=\"https:\/\/schema.org\/CreativeWork\" ><div class=\"iconbox_content\"><header class=\"entry-content-header\" aria-label=\"Icon: RESERVIEREN\"><div class='iconbox_icon heading-color avia-iconfont avia-font-entypo-fontello' data-av_icon='\ue808' data-av_iconfont='entypo-fontello'  ><\/div><h3 class='iconbox_content_title '  itemprop=\"headline\" >RESERVIEREN<\/h3><\/header><div class='iconbox_content_container '  itemprop=\"text\" ><p>Wir bieten Ihnen hier die M\u00f6glichkeit, Ihr Tool f\u00fcr Online-Reservierungen einzubinden.<\/p>\n<\/div><\/div><footer class=\"entry-footer\"><\/footer><\/article><\/p><\/div>\n","protected":false},"excerpt":{"rendered":"","protected":false},"author":1,"featured_media":0,"parent":0,"menu_order":0,"comment_status":"open","ping_status":"open","template":"","meta":{"footnotes":""},"class_list":["post-362","page","type-page","status-publish","hentry"],"_links":{"self":[{"href":"https:\/\/www.we-go-web.de\/3\/wp-json\/wp\/v2\/pages\/362","targetHints":{"allow":["GET"]}}],"collection":[{"href":"https:\/\/www.we-go-web.de\/3\/wp-json\/wp\/v2\/pages"}],"about":[{"href":"https:\/\/www.we-go-web.de\/3\/wp-json\/wp\/v2\/types\/page"}],"author":[{"embeddable":true,"href":"https:\/\/www.we-go-web.de\/3\/wp-json\/wp\/v2\/users\/1"}],"replies":[{"embeddable":true,"href":"https:\/\/www.we-go-web.de\/3\/wp-json\/wp\/v2\/comments?post=362"}],"version-history":[{"count":21,"href":"https:\/\/www.we-go-web.de\/3\/wp-json\/wp\/v2\/pages\/362\/revisions"}],"predecessor-version":[{"id":519,"href":"https:\/\/www.we-go-web.de\/3\/wp-json\/wp\/v2\/pages\/362\/revisions\/519"}],"wp:attachment":[{"href":"https:\/\/www.we-go-web.de\/3\/wp-json\/wp\/v2\/media?parent=362"}],"curies":[{"name":"wp","href":"https:\/\/api.w.org\/{rel}","templated":true}]}}