{"id":26,"date":"2014-07-09T16:04:43","date_gmt":"2014-07-09T16:04:43","guid":{"rendered":"http:\/\/192.168.1.104\/restaurant\/?page_id=25"},"modified":"2020-06-26T13:28:43","modified_gmt":"2020-06-26T11:28:43","slug":"about","status":"publish","type":"page","link":"https:\/\/www.we-go-web.de\/3\/about\/","title":{"rendered":"\u00dcber uns"},"content":{"rendered":"\n<style type=\"text\/css\" data-created_by=\"avia_inline_auto\" id=\"style-css-av-crssq-29f1af608f31126df8df77cd89aa2e45\">\n.avia-section.av-crssq-29f1af608f31126df8df77cd89aa2e45 .av-parallax .av-parallax-inner{\nbackground-repeat:no-repeat;\nbackground-image:url(https:\/\/www.we-go-web.de\/3\/wp-content\/uploads\/2020\/06\/uns.jpg);\nbackground-position:0% 0%;\nbackground-attachment:scroll;\n}\n<\/style>\n<div id='av_section_1'  class='avia-section av-crssq-29f1af608f31126df8df77cd89aa2e45 main_color avia-section-default avia-no-shadow  avia-builder-el-0  el_before_av_section  avia-builder-el-first  avia-full-stretch av-parallax-section avia-bg-style-parallax av-minimum-height av-minimum-height-50 av-height-50  container_wrap fullsize'  data-section-bg-repeat='stretch' data-av_minimum_height_pc='50' data-av_min_height_opt='50'><div class='av-parallax' data-avia-parallax-ratio='0.3' ><div class='av-parallax-inner main_color avia-full-stretch'><\/div><\/div><div class='container av-section-cont-open' ><main  role=\"main\" itemprop=\"mainContentOfPage\"  class='template-page content  av-content-full alpha units'><div class='post-entry post-entry-type-page post-entry-26'><div class='entry-content-wrapper clearfix'>\n\n<style type=\"text\/css\" data-created_by=\"avia_inline_auto\" id=\"style-css-av-kbw3ykrx-cf37a9a5b3c70089cdb145310d4e62e2\">\n#top .av-special-heading.av-kbw3ykrx-cf37a9a5b3c70089cdb145310d4e62e2{\npadding-bottom:0;\ncolor:#ffffff;\nfont-size:60px;\n}\nbody .av-special-heading.av-kbw3ykrx-cf37a9a5b3c70089cdb145310d4e62e2 .av-special-heading-tag .heading-char{\nfont-size:25px;\n}\n#top #wrap_all .av-special-heading.av-kbw3ykrx-cf37a9a5b3c70089cdb145310d4e62e2 .av-special-heading-tag{\nfont-size:60px;\n}\n.av-special-heading.av-kbw3ykrx-cf37a9a5b3c70089cdb145310d4e62e2 .special-heading-inner-border{\nborder-color:#ffffff;\n}\n.av-special-heading.av-kbw3ykrx-cf37a9a5b3c70089cdb145310d4e62e2 .av-subheading{\nfont-size:18px;\n}\n\n@media only screen and (min-width: 480px) and (max-width: 767px){ \n#top #wrap_all .av-special-heading.av-kbw3ykrx-cf37a9a5b3c70089cdb145310d4e62e2 .av-special-heading-tag{\nfont-size:0.8em;\n}\n}\n\n@media only screen and (max-width: 479px){ \n#top #wrap_all .av-special-heading.av-kbw3ykrx-cf37a9a5b3c70089cdb145310d4e62e2 .av-special-heading-tag{\nfont-size:0.8em;\n}\n}\n<\/style>\n<div  class='av-special-heading av-kbw3ykrx-cf37a9a5b3c70089cdb145310d4e62e2 av-special-heading-h1 custom-color-heading blockquote modern-quote  avia-builder-el-1  avia-builder-el-no-sibling  av-thin-font av-inherit-size'><h1 class='av-special-heading-tag '  itemprop=\"headline\"  >\u00dcBER <strong>UNSER<\/strong> RESTAURANT<\/h1><div class='av_custom_color av-subheading av-subheading_below'><p>Wer wir sind und was wir tun<\/p>\n<\/div><div class=\"special-heading-border\"><div class=\"special-heading-inner-border\"><\/div><\/div><\/div>\n\n<\/div><\/div><\/main><!-- close content main element --><\/div><\/div><div id='av_section_2'  class='avia-section av-bvjua-0edff3cca7982f04617217551a568a6b main_color avia-section-default avia-no-shadow  avia-builder-el-2  el_after_av_section  el_before_av_section  avia-bg-style-scroll container_wrap fullsize'  ><div class='container av-section-cont-open' ><div class='template-page content  av-content-full alpha units'><div class='post-entry post-entry-type-page post-entry-26'><div class='entry-content-wrapper clearfix'>\n<div  class='flex_column av-b3udy-b8ca9bdd41d2aa194651cffe2231d3bd av_one_half  avia-builder-el-3  el_before_av_one_half  avia-builder-el-first  first flex_column_div  '     ><p>\n<style type=\"text\/css\" data-created_by=\"avia_inline_auto\" id=\"style-css-av-kbw4te0g-bfa15a43bd671c1f30bef4c54562cea4\">\n#top .av-special-heading.av-kbw4te0g-bfa15a43bd671c1f30bef4c54562cea4{\npadding-bottom:20px;\n}\nbody .av-special-heading.av-kbw4te0g-bfa15a43bd671c1f30bef4c54562cea4 .av-special-heading-tag .heading-char{\nfont-size:25px;\n}\n.av-special-heading.av-kbw4te0g-bfa15a43bd671c1f30bef4c54562cea4 .av-subheading{\nfont-size:15px;\n}\n<\/style>\n<div  class='av-special-heading av-kbw4te0g-bfa15a43bd671c1f30bef4c54562cea4 av-special-heading-h2 blockquote modern-quote  avia-builder-el-4  el_before_av_textblock  avia-builder-el-first  av-thin-font'><h2 class='av-special-heading-tag '  itemprop=\"headline\"  >Ein paar Worte<strong> \u00fcber uns<\/strong><\/h2><div class='av-subheading av-subheading_below'><p>Seien Sie unser Gast!<\/p>\n<\/div><div class=\"special-heading-border\"><div class=\"special-heading-inner-border\"><\/div><\/div><\/div><br \/>\n<section  class='av_textblock_section av-9t6lq-b489410f339c5ecbf947c1c0bcfe7ca4 '   itemscope=\"itemscope\" itemtype=\"https:\/\/schema.org\/CreativeWork\" ><div class='avia_textblock'  itemprop=\"text\" ><p>Machen Sie Ihren zuk\u00fcnftigen G\u00e4sten Appetit. Gute knackige Bilder von Speisen aus Ihrem Angebot, einladendes Ambiente. Fangen Sie die ganz besondere Stimmung Ihres <strong>Restaurants, Caf\u00e9s, Bistros, Ihrer Taverne, Pizzeria oder Osteria, Ihres Wirtshauses, Hotels oder Pension<\/strong> mit guten Bildern und Texten ein und machen Sie Lust auf ein einzigartiges Erlebnis. Text &amp; Bild \u2013 wir erledigen das f\u00fcr Sie.<\/p>\n<p>Wichtige Themen sind selbstverst\u00e4ndlich \u00d6ffnungszeiten, Reservierungen, Spezialangebote, saisonale Besonderheiten oder die M\u00f6glichkeit spezielle Veranstaltungen durchzuf\u00fchren. Auch das Thema Hygienema\u00dfnahmen in Zeiten von Corona k\u00f6nnen Sie auf Ihrer neuen Webseite kommunizieren.<\/p>\n<\/div><\/section><\/p><\/div><div  class='flex_column av-9aqva-4cf7de42e691de718688c37973d9401e av_one_half  avia-builder-el-6  el_after_av_one_half  avia-builder-el-last  flex_column_div  '     ><p>\n<style type=\"text\/css\" data-created_by=\"avia_inline_auto\" id=\"style-css-av-kbw4ttt8-477fff6af93f5034657d4301810dd46b\">\n#top .av-special-heading.av-kbw4ttt8-477fff6af93f5034657d4301810dd46b{\npadding-bottom:20px;\n}\nbody .av-special-heading.av-kbw4ttt8-477fff6af93f5034657d4301810dd46b .av-special-heading-tag .heading-char{\nfont-size:25px;\n}\n.av-special-heading.av-kbw4ttt8-477fff6af93f5034657d4301810dd46b .av-subheading{\nfont-size:15px;\n}\n<\/style>\n<div  class='av-special-heading av-kbw4ttt8-477fff6af93f5034657d4301810dd46b av-special-heading-h2 blockquote modern-quote  avia-builder-el-7  el_before_av_textblock  avia-builder-el-first  av-thin-font'><h2 class='av-special-heading-tag '  itemprop=\"headline\"  >Ein Ort zum Trinken <span class='special_amp'>&amp;<\/span> <strong>zum Essen<\/strong><\/h2><div class='av-subheading av-subheading_below'><p>Ein Ambiente zum Genie\u00dfen &#8230;<\/p>\n<\/div><div class=\"special-heading-border\"><div class=\"special-heading-inner-border\"><\/div><\/div><\/div><br \/>\n<section  class='av_textblock_section av-tmua-a190e73782d023ae289555173b70893a '   itemscope=\"itemscope\" itemtype=\"https:\/\/schema.org\/CreativeWork\" ><div class='avia_textblock'  itemprop=\"text\" ><p>Wir bieten in unserem Layout-Konzept f\u00fcr die Gastronomie gen\u00fcgend Raum f\u00fcr die Pr\u00e4sentation Ihrer Lokation, mit allem, was dazugeh\u00f6rt. Nicht zu viel und nicht zu wenig \u2013 sondern genau richtig (wie ein gutes Essen).<\/p>\n<blockquote>\n<p>Gerade heute kann Gastronomie keinesfalls auf eine gute Online-Darstellung verzichten.<\/p>\n<\/blockquote>\n<p>Auf den Grundlagen des Gespr\u00e4chs mit Ihnen und der Informationen, die Sie bereitstellen, bauen wir eine individuelle Webseite auf, die bei Ihren G\u00e4sten schon beim Betrachten und Reservieren Vorfreude aufkommen l\u00e4sst.<\/p>\n<\/div><\/section><\/p><\/div><\/div><\/div><\/div><!-- close content main div --><\/div><\/div><div id='av_section_3'  class='avia-section av-7oey2-c1324109b01e0bc88e3f423bf14addc1 main_color avia-section-default avia-no-shadow  avia-builder-el-9  el_after_av_section  el_before_av_section  avia-bg-style-scroll container_wrap fullsize'  ><div class='container av-section-cont-open' ><div class='template-page content  av-content-full alpha units'><div class='post-entry post-entry-type-page post-entry-26'><div class='entry-content-wrapper clearfix'>\n<div  class='flex_column av-72c6y-98bf03945609113a2eae2978b4445fd3 av_one_fifth  avia-builder-el-10  el_before_av_one_fifth  avia-builder-el-first  first flex_column_div  '     ><div  class=\"avia-animated-number av-6j75e-f439a177163d9c130228dcf9e3dcaefa av-force-default-color avia_animate_when_visible  avia-builder-el-11  avia-builder-el-no-sibling  \" data-timer=\"3000\"><strong class=\"heading avia-animated-number-title\"><span class=\"avia-single-number __av-single-number\" data-number_format=\"\" data-number=\"1965\" data-start_from=\"0\">1965<\/span><\/strong><div class=\"avia-animated-number-content\"><p>Es gibt uns seit<\/p>\n<\/div><\/div><\/div><div  class='flex_column av-5g956-5fc364d3089c36a800adcef09e6915f1 av_one_fifth  avia-builder-el-12  el_after_av_one_fifth  el_before_av_one_fifth  flex_column_div  '     ><div  class=\"avia-animated-number av-56k82-ccd7627b379358c4b0bd7aca728a87eb av-force-default-color avia_animate_when_visible  avia-builder-el-13  avia-builder-el-no-sibling  \" data-timer=\"3000\"><strong class=\"heading avia-animated-number-title\"><span class=\"avia-single-number __av-single-number\" data-number_format=\"\" data-number=\"34\" data-start_from=\"0\">34<\/span><\/strong><div class=\"avia-animated-number-content\"><p>Unser Team<\/p>\n<\/div><\/div><\/div><div  class='flex_column av-4k822-cdcb0ee44404f7f52254203d424423c3 av_one_fifth  avia-builder-el-14  el_after_av_one_fifth  el_before_av_one_fifth  flex_column_div  '     ><div  class=\"avia-animated-number av-3pwxi-3a025e29ac1909138fb85e940042e3f4 av-force-default-color avia_animate_when_visible  avia-builder-el-15  avia-builder-el-no-sibling  \" data-timer=\"3000\"><strong class=\"heading avia-animated-number-title\"><span class=\"avia-single-number __av-single-number\" data-number_format=\"\" data-number=\"125400\" data-start_from=\"0\">125400<\/span><\/strong><div class=\"avia-animated-number-content\"><p>G\u00e4ste<\/p>\n<\/div><\/div><\/div><div  class='flex_column av-3hw1i-f291f6bc066f40506ce2e016a2c21eb2 av_one_fifth  avia-builder-el-16  el_after_av_one_fifth  el_before_av_one_fifth  flex_column_div  '     ><div  class=\"avia-animated-number av-2gw6a-47c22f9ad65688c78a8fb98f8657e104 av-force-default-color avia_animate_when_visible  avia-builder-el-17  avia-builder-el-no-sibling  \" data-timer=\"3000\"><strong class=\"heading avia-animated-number-title\"><span class=\"avia-single-number __av-single-number\" data-number_format=\"\" data-number=\"75\" data-start_from=\"0\">75<\/span><\/strong><div class=\"avia-animated-number-content\"><p>Gerichte<\/p>\n<\/div><\/div><\/div><div  class='flex_column av-20sba-ca000a9b0867b16de5e06be2368dfcac av_one_fifth  avia-builder-el-18  el_after_av_one_fifth  avia-builder-el-last  flex_column_div  '     ><div  class=\"avia-animated-number av-1nv6u-13731176e783d52d5306b2cde854a83f av-force-default-color avia_animate_when_visible  avia-builder-el-19  avia-builder-el-no-sibling  \" data-timer=\"3000\"><strong class=\"heading avia-animated-number-title\"><span class=\"avia-single-number __av-single-number\" data-number_format=\"\" data-number=\"200\" data-start_from=\"0\">200<\/span><span class=\"avia-no-number\">+<\/span><\/strong><div class=\"avia-animated-number-content\"><p>Getr\u00e4nke<\/p>\n<\/div><\/div><\/div>\n<\/p>\n<\/div><\/div><\/div><!-- close content main div --><\/div><\/div>\n<style type=\"text\/css\" data-created_by=\"avia_inline_auto\" id=\"style-css-av-2rwue2-50a2276c86f862f9080d4d969cc74aa4\">\n.avia-section.av-2rwue2-50a2276c86f862f9080d4d969cc74aa4{\nbackground-repeat:no-repeat;\nbackground-image:url(https:\/\/www.we-go-web.de\/3\/wp-content\/uploads\/2020\/06\/kontakt2.jpg);\nbackground-position:50% 0%;\nbackground-attachment:scroll;\n}\n<\/style>\n<div id='av_section_4'  class='avia-section av-2rwue2-50a2276c86f862f9080d4d969cc74aa4 main_color avia-section-large avia-no-shadow  avia-builder-el-20  el_after_av_section  el_before_av_masonry_gallery  avia-full-stretch avia-bg-style-scroll av-minimum-height av-minimum-height-75 av-height-75  container_wrap fullsize'  data-section-bg-repeat='stretch' data-av_minimum_height_pc='75' data-av_min_height_opt='75'><div class='container av-section-cont-open' ><div class='template-page content  av-content-full alpha units'><div class='post-entry post-entry-type-page post-entry-26'><div class='entry-content-wrapper clearfix'>\n<div id='av-masonry-1' class='av-masonry av-v1m2-0d23bdc9880f718728029d5e85c20945 noHover av-fixed-size av-no-gap av-hover-overlay- av-masonry-animation-active av-masonry-col-flexible av-caption-on-hover-hide av-caption-style- av-masonry-gallery ' data-post_id=\"26\"><div class=\"av-masonry-container isotope av-js-disabled\"><div class='av-masonry-entry isotope-item av-masonry-item-no-image '><\/div><a href=\"https:\/\/www.we-go-web.de\/3\/wp-content\/uploads\/2020\/06\/uns-1030x687.jpg\" data-srcset=\"https:\/\/www.we-go-web.de\/3\/wp-content\/uploads\/2020\/06\/uns-1030x687.jpg 1030w, https:\/\/www.we-go-web.de\/3\/wp-content\/uploads\/2020\/06\/uns-300x200.jpg 300w, https:\/\/www.we-go-web.de\/3\/wp-content\/uploads\/2020\/06\/uns-768x512.jpg 768w, https:\/\/www.we-go-web.de\/3\/wp-content\/uploads\/2020\/06\/uns-1536x1024.jpg 1536w, https:\/\/www.we-go-web.de\/3\/wp-content\/uploads\/2020\/06\/uns-1500x1000.jpg 1500w, https:\/\/www.we-go-web.de\/3\/wp-content\/uploads\/2020\/06\/uns-705x470.jpg 705w, https:\/\/www.we-go-web.de\/3\/wp-content\/uploads\/2020\/06\/uns.jpg 1732w\" data-sizes=\"(max-width: 1030px) 100vw, 1030px\"  aria-label=\"Bild Restaurant\"  id='av-masonry-1-item-478' data-av-masonry-item='478' class='av-masonry-entry isotope-item post-478 attachment type-attachment status-inherit hentry  av-masonry-item-with-image av-grid-img' title=\"Restaurant\" alt=\"\"    itemprop=\"thumbnailUrl\" ><div class='av-inner-masonry-sizer'><\/div><figure class='av-inner-masonry main_color'><div class=\"av-masonry-outerimage-container\"><div class='av-masonry-image-container' style=\"background-image: url(https:\/\/www.we-go-web.de\/3\/wp-content\/uploads\/2020\/06\/uns-705x470.jpg);\"  title=\"Restaurant\" ><\/div><\/div><\/figure><\/a><!--end av-masonry entry--><a href=\"https:\/\/www.we-go-web.de\/3\/wp-content\/uploads\/2020\/06\/speisen-1030x687.jpg\" data-srcset=\"https:\/\/www.we-go-web.de\/3\/wp-content\/uploads\/2020\/06\/speisen-1030x687.jpg 1030w, https:\/\/www.we-go-web.de\/3\/wp-content\/uploads\/2020\/06\/speisen-300x200.jpg 300w, https:\/\/www.we-go-web.de\/3\/wp-content\/uploads\/2020\/06\/speisen-768x512.jpg 768w, https:\/\/www.we-go-web.de\/3\/wp-content\/uploads\/2020\/06\/speisen-1536x1024.jpg 1536w, https:\/\/www.we-go-web.de\/3\/wp-content\/uploads\/2020\/06\/speisen-1500x1000.jpg 1500w, https:\/\/www.we-go-web.de\/3\/wp-content\/uploads\/2020\/06\/speisen-705x470.jpg 705w, https:\/\/www.we-go-web.de\/3\/wp-content\/uploads\/2020\/06\/speisen.jpg 1732w\" data-sizes=\"(max-width: 1030px) 100vw, 1030px\"  aria-label=\"Bild Burger\"  id='av-masonry-1-item-476' data-av-masonry-item='476' class='av-masonry-entry isotope-item post-476 attachment type-attachment status-inherit hentry  av-masonry-item-with-image av-grid-img' title=\"Burger\" alt=\"\"    itemprop=\"thumbnailUrl\" ><div class='av-inner-masonry-sizer'><\/div><figure class='av-inner-masonry main_color'><div class=\"av-masonry-outerimage-container\"><div class='av-masonry-image-container' style=\"background-image: url(https:\/\/www.we-go-web.de\/3\/wp-content\/uploads\/2020\/06\/speisen-705x470.jpg);\"  title=\"Burger\" ><\/div><\/div><\/figure><\/a><!--end av-masonry entry--><a href=\"https:\/\/www.we-go-web.de\/3\/wp-content\/uploads\/2020\/06\/aktuelles.jpg\" data-srcset=\"https:\/\/www.we-go-web.de\/3\/wp-content\/uploads\/2020\/06\/aktuelles.jpg 600w, https:\/\/www.we-go-web.de\/3\/wp-content\/uploads\/2020\/06\/aktuelles-300x300.jpg 300w, https:\/\/www.we-go-web.de\/3\/wp-content\/uploads\/2020\/06\/aktuelles-80x80.jpg 80w, https:\/\/www.we-go-web.de\/3\/wp-content\/uploads\/2020\/06\/aktuelles-36x36.jpg 36w, https:\/\/www.we-go-web.de\/3\/wp-content\/uploads\/2020\/06\/aktuelles-180x180.jpg 180w\" data-sizes=\"(max-width: 600px) 100vw, 600px\"  aria-label=\"Bild Restaurant\"  id='av-masonry-1-item-471' data-av-masonry-item='471' class='av-masonry-entry isotope-item post-471 attachment type-attachment status-inherit hentry  av-masonry-item-with-image av-grid-img' title=\"Restaurant\" alt=\"\"    itemprop=\"thumbnailUrl\" ><div class='av-inner-masonry-sizer'><\/div><figure class='av-inner-masonry main_color'><div class=\"av-masonry-outerimage-container\"><div class='av-masonry-image-container' style=\"background-image: url(https:\/\/www.we-go-web.de\/3\/wp-content\/uploads\/2020\/06\/aktuelles.jpg);\"  title=\"Restaurant\" ><\/div><\/div><\/figure><\/a><!--end av-masonry entry--><a href=\"https:\/\/www.we-go-web.de\/3\/wp-content\/uploads\/2020\/06\/akutelles-2.jpg\" data-srcset=\"https:\/\/www.we-go-web.de\/3\/wp-content\/uploads\/2020\/06\/akutelles-2.jpg 600w, https:\/\/www.we-go-web.de\/3\/wp-content\/uploads\/2020\/06\/akutelles-2-300x300.jpg 300w, https:\/\/www.we-go-web.de\/3\/wp-content\/uploads\/2020\/06\/akutelles-2-80x80.jpg 80w, https:\/\/www.we-go-web.de\/3\/wp-content\/uploads\/2020\/06\/akutelles-2-36x36.jpg 36w, https:\/\/www.we-go-web.de\/3\/wp-content\/uploads\/2020\/06\/akutelles-2-180x180.jpg 180w\" data-sizes=\"(max-width: 600px) 100vw, 600px\"  aria-label=\"Bild Gl\u00e4ser\"  id='av-masonry-1-item-470' data-av-masonry-item='470' class='av-masonry-entry isotope-item post-470 attachment type-attachment status-inherit hentry  av-masonry-item-with-image av-grid-img' title=\"Gl\u00e4ser\" alt=\"\"    itemprop=\"thumbnailUrl\" ><div class='av-inner-masonry-sizer'><\/div><figure class='av-inner-masonry main_color'><div class=\"av-masonry-outerimage-container\"><div class='av-masonry-image-container' style=\"background-image: url(https:\/\/www.we-go-web.de\/3\/wp-content\/uploads\/2020\/06\/akutelles-2.jpg);\"  title=\"Gl\u00e4ser\" ><\/div><\/div><\/figure><\/a><!--end av-masonry entry--><a href=\"https:\/\/www.we-go-web.de\/3\/wp-content\/uploads\/2020\/06\/essen-3.jpg\" data-srcset=\"https:\/\/www.we-go-web.de\/3\/wp-content\/uploads\/2020\/06\/essen-3.jpg 791w, https:\/\/www.we-go-web.de\/3\/wp-content\/uploads\/2020\/06\/essen-3-300x221.jpg 300w, https:\/\/www.we-go-web.de\/3\/wp-content\/uploads\/2020\/06\/essen-3-768x565.jpg 768w, https:\/\/www.we-go-web.de\/3\/wp-content\/uploads\/2020\/06\/essen-3-705x519.jpg 705w\" data-sizes=\"(max-width: 791px) 100vw, 791px\"  aria-label=\"Bild Essen\"  id='av-masonry-1-item-467' data-av-masonry-item='467' class='av-masonry-entry isotope-item post-467 attachment type-attachment status-inherit hentry  av-masonry-item-with-image av-grid-img' title=\"Essen\" alt=\"\"    itemprop=\"thumbnailUrl\" ><div class='av-inner-masonry-sizer'><\/div><figure class='av-inner-masonry main_color'><div class=\"av-masonry-outerimage-container\"><div class='av-masonry-image-container' style=\"background-image: url(https:\/\/www.we-go-web.de\/3\/wp-content\/uploads\/2020\/06\/essen-3-705x519.jpg);\"  title=\"Essen\" ><\/div><\/div><\/figure><\/a><!--end av-masonry entry--><a href=\"https:\/\/www.we-go-web.de\/3\/wp-content\/uploads\/2020\/06\/essen-2.jpg\" data-srcset=\"https:\/\/www.we-go-web.de\/3\/wp-content\/uploads\/2020\/06\/essen-2.jpg 791w, https:\/\/www.we-go-web.de\/3\/wp-content\/uploads\/2020\/06\/essen-2-300x221.jpg 300w, https:\/\/www.we-go-web.de\/3\/wp-content\/uploads\/2020\/06\/essen-2-768x565.jpg 768w, https:\/\/www.we-go-web.de\/3\/wp-content\/uploads\/2020\/06\/essen-2-705x519.jpg 705w\" data-sizes=\"(max-width: 791px) 100vw, 791px\"  aria-label=\"Bild Essen\"  id='av-masonry-1-item-466' data-av-masonry-item='466' class='av-masonry-entry isotope-item post-466 attachment type-attachment status-inherit hentry  av-masonry-item-with-image av-grid-img' title=\"Essen\" alt=\"\"    itemprop=\"thumbnailUrl\" ><div class='av-inner-masonry-sizer'><\/div><figure class='av-inner-masonry main_color'><div class=\"av-masonry-outerimage-container\"><div class='av-masonry-image-container' style=\"background-image: url(https:\/\/www.we-go-web.de\/3\/wp-content\/uploads\/2020\/06\/essen-2-705x519.jpg);\"  title=\"Essen\" ><\/div><\/div><\/figure><\/a><!--end av-masonry entry--><a href=\"https:\/\/www.we-go-web.de\/3\/wp-content\/uploads\/2020\/06\/essen-1.jpg\" data-srcset=\"https:\/\/www.we-go-web.de\/3\/wp-content\/uploads\/2020\/06\/essen-1.jpg 791w, https:\/\/www.we-go-web.de\/3\/wp-content\/uploads\/2020\/06\/essen-1-300x221.jpg 300w, https:\/\/www.we-go-web.de\/3\/wp-content\/uploads\/2020\/06\/essen-1-768x565.jpg 768w, https:\/\/www.we-go-web.de\/3\/wp-content\/uploads\/2020\/06\/essen-1-705x519.jpg 705w\" data-sizes=\"(max-width: 791px) 100vw, 791px\"  aria-label=\"Bild Essen\"  id='av-masonry-1-item-465' data-av-masonry-item='465' class='av-masonry-entry isotope-item post-465 attachment type-attachment status-inherit hentry  av-masonry-item-with-image av-grid-img' title=\"Essen\" alt=\"\"    itemprop=\"thumbnailUrl\" ><div class='av-inner-masonry-sizer'><\/div><figure class='av-inner-masonry main_color'><div class=\"av-masonry-outerimage-container\"><div class='av-masonry-image-container' style=\"background-image: url(https:\/\/www.we-go-web.de\/3\/wp-content\/uploads\/2020\/06\/essen-1-705x519.jpg);\"  title=\"Essen\" ><\/div><\/div><\/figure><\/a><!--end av-masonry entry--><a href=\"https:\/\/www.we-go-web.de\/3\/wp-content\/uploads\/2020\/06\/start2-1030x687.jpg\" data-srcset=\"https:\/\/www.we-go-web.de\/3\/wp-content\/uploads\/2020\/06\/start2-1030x687.jpg 1030w, https:\/\/www.we-go-web.de\/3\/wp-content\/uploads\/2020\/06\/start2-300x200.jpg 300w, https:\/\/www.we-go-web.de\/3\/wp-content\/uploads\/2020\/06\/start2-768x512.jpg 768w, https:\/\/www.we-go-web.de\/3\/wp-content\/uploads\/2020\/06\/start2-1536x1024.jpg 1536w, https:\/\/www.we-go-web.de\/3\/wp-content\/uploads\/2020\/06\/start2-1500x1000.jpg 1500w, https:\/\/www.we-go-web.de\/3\/wp-content\/uploads\/2020\/06\/start2-705x470.jpg 705w, https:\/\/www.we-go-web.de\/3\/wp-content\/uploads\/2020\/06\/start2.jpg 1732w\" data-sizes=\"(max-width: 1030px) 100vw, 1030px\"  aria-label=\"Bild Burger\"  id='av-masonry-1-item-389' data-av-masonry-item='389' class='av-masonry-entry isotope-item post-389 attachment type-attachment status-inherit hentry  av-masonry-item-with-image av-grid-img' title=\"Burger\" alt=\"\"    itemprop=\"thumbnailUrl\" ><div class='av-inner-masonry-sizer'><\/div><figure class='av-inner-masonry main_color'><div class=\"av-masonry-outerimage-container\"><div class='av-masonry-image-container' style=\"background-image: url(https:\/\/www.we-go-web.de\/3\/wp-content\/uploads\/2020\/06\/start2-705x470.jpg);\"  title=\"Burger\" ><\/div><\/div><\/figure><\/a><!--end av-masonry entry--><\/div><\/div>\n","protected":false},"excerpt":{"rendered":"","protected":false},"author":1,"featured_media":0,"parent":0,"menu_order":0,"comment_status":"open","ping_status":"open","template":"","meta":{"footnotes":""},"class_list":["post-26","page","type-page","status-publish","hentry"],"_links":{"self":[{"href":"https:\/\/www.we-go-web.de\/3\/wp-json\/wp\/v2\/pages\/26","targetHints":{"allow":["GET"]}}],"collection":[{"href":"https:\/\/www.we-go-web.de\/3\/wp-json\/wp\/v2\/pages"}],"about":[{"href":"https:\/\/www.we-go-web.de\/3\/wp-json\/wp\/v2\/types\/page"}],"author":[{"embeddable":true,"href":"https:\/\/www.we-go-web.de\/3\/wp-json\/wp\/v2\/users\/1"}],"replies":[{"embeddable":true,"href":"https:\/\/www.we-go-web.de\/3\/wp-json\/wp\/v2\/comments?post=26"}],"version-history":[{"count":27,"href":"https:\/\/www.we-go-web.de\/3\/wp-json\/wp\/v2\/pages\/26\/revisions"}],"predecessor-version":[{"id":513,"href":"https:\/\/www.we-go-web.de\/3\/wp-json\/wp\/v2\/pages\/26\/revisions\/513"}],"wp:attachment":[{"href":"https:\/\/www.we-go-web.de\/3\/wp-json\/wp\/v2\/media?parent=26"}],"curies":[{"name":"wp","href":"https:\/\/api.w.org\/{rel}","templated":true}]}}